{"id":2679,"date":"2025-07-04T08:12:56","date_gmt":"2025-07-04T08:12:56","guid":{"rendered":"https:\/\/streetbarbell.nl\/?post_type=product&#038;p=2679"},"modified":"2025-07-04T08:12:56","modified_gmt":"2025-07-04T08:12:56","slug":"mb-7-93-multi-station-punching-bag-stand","status":"publish","type":"product","link":"https:\/\/streetbarbell.nl\/de\/produkt\/mb-7-93-multi-station-punching-bag-stand\/","title":{"rendered":"MB 7,93 Hantelbank Hantelbankst\u00e4nder"},"content":{"rendered":"","protected":false},"excerpt":{"rendered":"<p>Der MB 7.93 Outdoor-Boxkomplex ist f\u00fcr das \u00dcben von Schlagtechniken und das Trainieren der Arm-, Brust- und oberen Bauchmuskulatur konzipiert. Er besteht aus einer Vielzahl beliebter Boxausr\u00fcstung, die an einem einzigen stabilen station\u00e4ren Rahmen befestigt ist. Der Rahmen ist so konzipiert, dass Sportler sich sicher der Ausr\u00fcstung n\u00e4hern k\u00f6nnen, w\u00e4hrend sie sich relativ zu ihr bewegen. Die Sicherheitszone f\u00fcr jede Ausr\u00fcstung im Komplex gew\u00e4hrleistet ein komfortables Training, ohne andere Sportler zu st\u00f6ren.<\/p>\n<p>Abmessungen (LxBxH):<\/p>\n<p>Gewicht: mindestens 616 kg<\/p>\n<p>4230x3940x2760 mm<\/p>\n<p>Enth\u00e4lt:<\/p>\n<p>Boxsack,<\/p>\n<p>\u2022 Sandsack \u201cGro\u00dfer Fass\u201d,<\/p>\n<p>Boxkissen<\/p>","protected":false},"featured_media":2675,"template":"","meta":{"site-sidebar-layout":"default","site-content-layout":"","ast-site-content-layout":"default","site-content-style":"default","site-sidebar-style":"default","ast-global-header-display":"","ast-banner-title-visibility":"","ast-main-header-display":"","ast-hfb-above-header-display":"","ast-hfb-below-header-display":"","ast-hfb-mobile-header-display":"","site-post-title":"","ast-breadcrumbs-content":"","ast-featured-img":"","footer-sml-layout":"","ast-disable-related-posts":"","theme-transparent-header-meta":"default","adv-header-id-meta":"","stick-header-meta":"","header-above-stick-meta":"","header-main-stick-meta":"","header-below-stick-meta":"","astra-migrate-meta-layouts":"set","ast-page-background-enabled":"default","ast-page-background-meta":{"desktop":{"background-color":"var(--ast-global-color-5)","background-image":"","background-repeat":"repeat","background-position":"center center","background-size":"auto","background-attachment":"scroll","background-type":"","background-media":"","overlay-type":"","overlay-color":"","overlay-opacity":"","overlay-gradient":""},"tablet":{"background-color":"","background-image":"","background-repeat":"repeat","background-position":"center center","background-size":"auto","background-attachment":"scroll","background-type":"","background-media":"","overlay-type":"","overlay-color":"","overlay-opacity":"","overlay-gradient":""},"mobile":{"background-color":"","background-image":"","background-repeat":"repeat","background-position":"center center","background-size":"auto","background-attachment":"scroll","background-type":"","background-media":"","overlay-type":"","overlay-color":"","overlay-opacity":"","overlay-gradient":""}},"ast-content-background-meta":{"desktop":{"background-color":"var(--ast-global-color-4)","background-image":"","background-repeat":"repeat","background-position":"center center","background-size":"auto","background-attachment":"scroll","background-type":"","background-media":"","overlay-type":"","overlay-color":"","overlay-opacity":"","overlay-gradient":""},"tablet":{"background-color":"var(--ast-global-color-4)","background-image":"","background-repeat":"repeat","background-position":"center center","background-size":"auto","background-attachment":"scroll","background-type":"","background-media":"","overlay-type":"","overlay-color":"","overlay-opacity":"","overlay-gradient":""},"mobile":{"background-color":"var(--ast-global-color-4)","background-image":"","background-repeat":"repeat","background-position":"center center","background-size":"auto","background-attachment":"scroll","background-type":"","background-media":"","overlay-type":"","overlay-color":"","overlay-opacity":"","overlay-gradient":""}}},"product_brand":[],"product_cat":[33],"product_tag":[],"class_list":{"0":"post-2679","1":"product","2":"type-product","3":"status-publish","4":"has-post-thumbnail","6":"product_cat-sb-boxing-line","7":"desktop-align-left","8":"tablet-align-left","9":"mobile-align-left","11":"first","12":"instock","13":"shipping-taxable","14":"purchasable","15":"product-type-simple"},"yoast_head":"<!-- This site is optimized with the Yoast SEO plugin v27.4 - https:\/\/yoast.com\/product\/yoast-seo-wordpress\/ -->\n<title>MB 7.93 Multi Station Punching Bag Stand - Street Barbell<\/title>\n<meta name=\"robots\" content=\"index, follow, max-snippet:-1, max-image-preview:large, max-video-preview:-1\" \/>\n<link rel=\"canonical\" href=\"https:\/\/streetbarbell.nl\/de\/produkt\/mb-7-93-multi-station-punching-bag-stand\/\" \/>\n<meta property=\"og:locale\" content=\"de_DE\" \/>\n<meta property=\"og:type\" content=\"article\" \/>\n<meta property=\"og:title\" content=\"MB 7.93 Multi Station Punching Bag Stand - Street Barbell\" \/>\n<meta property=\"og:description\" content=\"The MB 7.93 outdoor boxing complex is designed for practicing striking techniques, training arm, chest, and upper abdominal muscles. It consists of a variety of popular boxing equipment attached to a single sturdy stationary frame. The frame is designed to allow athletes to safely approach the equipment while moving relative to it. The safety zone for each equipment in the complex ensures comfortable training without interfering with neighboring athletes.  Dimensions (LxWxH):  Weight: at least 616 kg  4230x3940x2760 mm  Includes:  \u2022 boxing bag,  \u2022 punch ball \u201cBig barrel\u201d,  \u2022 boxing pillow\" \/>\n<meta property=\"og:url\" content=\"https:\/\/streetbarbell.nl\/de\/produkt\/mb-7-93-multi-station-punching-bag-stand\/\" \/>\n<meta property=\"og:site_name\" content=\"Street Barbell\" \/>\n<meta property=\"article:publisher\" content=\"https:\/\/www.facebook.com\/people\/HCC-Benelux\/100054443501362\/?mibextid=wwXIfr&amp;rdid=byd8XPaFfNG5h7DC&amp;share_url=httpswww.facebook.comshare1EbKGMiBBmmibextidwwXIfr\" \/>\n<meta property=\"og:image\" content=\"https:\/\/streetbarbell.nl\/wp-content\/uploads\/2025\/07\/1-26.png\" \/>\n\t<meta property=\"og:image:width\" content=\"1024\" \/>\n\t<meta property=\"og:image:height\" content=\"1024\" \/>\n\t<meta property=\"og:image:type\" content=\"image\/png\" \/>\n<script type=\"application\/ld+json\" class=\"yoast-schema-graph\">{\"@context\":\"https:\\\/\\\/schema.org\",\"@graph\":[{\"@type\":\"WebPage\",\"@id\":\"https:\\\/\\\/streetbarbell.nl\\\/en\\\/product\\\/mb-7-93-multi-station-punching-bag-stand\\\/\",\"url\":\"https:\\\/\\\/streetbarbell.nl\\\/en\\\/product\\\/mb-7-93-multi-station-punching-bag-stand\\\/\",\"name\":\"MB 7.93 Multi Station Punching Bag Stand - Street Barbell\",\"isPartOf\":{\"@id\":\"https:\\\/\\\/streetbarbell.nl\\\/#website\"},\"primaryImageOfPage\":{\"@id\":\"https:\\\/\\\/streetbarbell.nl\\\/en\\\/product\\\/mb-7-93-multi-station-punching-bag-stand\\\/#primaryimage\"},\"image\":{\"@id\":\"https:\\\/\\\/streetbarbell.nl\\\/en\\\/product\\\/mb-7-93-multi-station-punching-bag-stand\\\/#primaryimage\"},\"thumbnailUrl\":\"https:\\\/\\\/streetbarbell.nl\\\/wp-content\\\/uploads\\\/2025\\\/07\\\/1-26.png\",\"datePublished\":\"2025-07-04T08:12:56+00:00\",\"breadcrumb\":{\"@id\":\"https:\\\/\\\/streetbarbell.nl\\\/en\\\/product\\\/mb-7-93-multi-station-punching-bag-stand\\\/#breadcrumb\"},\"inLanguage\":\"de\",\"potentialAction\":[{\"@type\":\"ReadAction\",\"target\":[\"https:\\\/\\\/streetbarbell.nl\\\/en\\\/product\\\/mb-7-93-multi-station-punching-bag-stand\\\/\"]}]},{\"@type\":\"ImageObject\",\"inLanguage\":\"de\",\"@id\":\"https:\\\/\\\/streetbarbell.nl\\\/en\\\/product\\\/mb-7-93-multi-station-punching-bag-stand\\\/#primaryimage\",\"url\":\"https:\\\/\\\/streetbarbell.nl\\\/wp-content\\\/uploads\\\/2025\\\/07\\\/1-26.png\",\"contentUrl\":\"https:\\\/\\\/streetbarbell.nl\\\/wp-content\\\/uploads\\\/2025\\\/07\\\/1-26.png\",\"width\":3000,\"height\":3000},{\"@type\":\"BreadcrumbList\",\"@id\":\"https:\\\/\\\/streetbarbell.nl\\\/en\\\/product\\\/mb-7-93-multi-station-punching-bag-stand\\\/#breadcrumb\",\"itemListElement\":[{\"@type\":\"ListItem\",\"position\":1,\"name\":\"Home\",\"item\":\"https:\\\/\\\/streetbarbell.nl\\\/\"},{\"@type\":\"ListItem\",\"position\":2,\"name\":\"Products\",\"item\":\"https:\\\/\\\/streetbarbell.nl\\\/en\\\/shop\\\/\"},{\"@type\":\"ListItem\",\"position\":3,\"name\":\"SB Boxing Line\",\"item\":\"https:\\\/\\\/streetbarbell.nl\\\/en\\\/product-category\\\/sb-boxing-line\\\/\"},{\"@type\":\"ListItem\",\"position\":4,\"name\":\"MB 7.93 Multi Station Punching Bag Stand\"}]},{\"@type\":\"WebSite\",\"@id\":\"https:\\\/\\\/streetbarbell.nl\\\/#website\",\"url\":\"https:\\\/\\\/streetbarbell.nl\\\/\",\"name\":\"Street Barbell\",\"description\":\"\",\"publisher\":{\"@id\":\"https:\\\/\\\/streetbarbell.nl\\\/#organization\"},\"potentialAction\":[{\"@type\":\"SearchAction\",\"target\":{\"@type\":\"EntryPoint\",\"urlTemplate\":\"https:\\\/\\\/streetbarbell.nl\\\/?s={search_term_string}\"},\"query-input\":{\"@type\":\"PropertyValueSpecification\",\"valueRequired\":true,\"valueName\":\"search_term_string\"}}],\"inLanguage\":\"de\"},{\"@type\":\"Organization\",\"@id\":\"https:\\\/\\\/streetbarbell.nl\\\/#organization\",\"name\":\"Street Barbell\",\"url\":\"https:\\\/\\\/streetbarbell.nl\\\/\",\"logo\":{\"@type\":\"ImageObject\",\"inLanguage\":\"de\",\"@id\":\"https:\\\/\\\/streetbarbell.nl\\\/#\\\/schema\\\/logo\\\/image\\\/\",\"url\":\"https:\\\/\\\/streetbarbell.nl\\\/wp-content\\\/uploads\\\/2025\\\/04\\\/STBarbell_logo_BlackBG-scaled.jpg\",\"contentUrl\":\"https:\\\/\\\/streetbarbell.nl\\\/wp-content\\\/uploads\\\/2025\\\/04\\\/STBarbell_logo_BlackBG-scaled.jpg\",\"width\":2560,\"height\":373,\"caption\":\"Street Barbell\"},\"image\":{\"@id\":\"https:\\\/\\\/streetbarbell.nl\\\/#\\\/schema\\\/logo\\\/image\\\/\"},\"sameAs\":[\"https:\\\/\\\/www.facebook.com\\\/people\\\/HCC-Benelux\\\/100054443501362\\\/?mibextid=wwXIfr&rdid=byd8XPaFfNG5h7DC&share_url=httpswww.facebook.comshare1EbKGMiBBmmibextidwwXIfr\",\"https:\\\/\\\/www.instagram.com\\\/hcc_benelux?igsh=MTZyeDMyZWJ0Z2R3Zw==\",\"https:\\\/\\\/youtube.com\\\/@streetbarbellbenelux?si=6DbnNpX5dgdHsu9h\"]}]}<\/script>\n<!-- \/ Yoast SEO plugin. -->","yoast_head_json":{"title":"MB 7.93 Mehrstationen-Boxsackst\u00e4nder - Street Barbell","robots":{"index":"index","follow":"follow","max-snippet":"max-snippet:-1","max-image-preview":"max-image-preview:large","max-video-preview":"max-video-preview:-1"},"canonical":"https:\/\/streetbarbell.nl\/de\/produkt\/mb-7-93-multi-station-punching-bag-stand\/","og_locale":"de_DE","og_type":"article","og_title":"MB 7.93 Multi Station Punching Bag Stand - Street Barbell","og_description":"The MB 7.93 outdoor boxing complex is designed for practicing striking techniques, training arm, chest, and upper abdominal muscles. It consists of a variety of popular boxing equipment attached to a single sturdy stationary frame. The frame is designed to allow athletes to safely approach the equipment while moving relative to it. The safety zone for each equipment in the complex ensures comfortable training without interfering with neighboring athletes.  Dimensions (LxWxH):  Weight: at least 616 kg  4230x3940x2760 mm  Includes:  \u2022 boxing bag,  \u2022 punch ball \u201cBig barrel\u201d,  \u2022 boxing pillow","og_url":"https:\/\/streetbarbell.nl\/de\/produkt\/mb-7-93-multi-station-punching-bag-stand\/","og_site_name":"Street Barbell","article_publisher":"https:\/\/www.facebook.com\/people\/HCC-Benelux\/100054443501362\/?mibextid=wwXIfr&rdid=byd8XPaFfNG5h7DC&share_url=httpswww.facebook.comshare1EbKGMiBBmmibextidwwXIfr","og_image":[{"url":"https:\/\/streetbarbell.nl\/wp-content\/uploads\/2025\/07\/1-26.png","width":1024,"height":1024,"type":"image\/png"}],"schema":{"@context":"https:\/\/schema.org","@graph":[{"@type":"WebPage","@id":"https:\/\/streetbarbell.nl\/en\/product\/mb-7-93-multi-station-punching-bag-stand\/","url":"https:\/\/streetbarbell.nl\/en\/product\/mb-7-93-multi-station-punching-bag-stand\/","name":"MB 7.93 Mehrstationen-Boxsackst\u00e4nder - Street Barbell","isPartOf":{"@id":"https:\/\/streetbarbell.nl\/#website"},"primaryImageOfPage":{"@id":"https:\/\/streetbarbell.nl\/en\/product\/mb-7-93-multi-station-punching-bag-stand\/#primaryimage"},"image":{"@id":"https:\/\/streetbarbell.nl\/en\/product\/mb-7-93-multi-station-punching-bag-stand\/#primaryimage"},"thumbnailUrl":"https:\/\/streetbarbell.nl\/wp-content\/uploads\/2025\/07\/1-26.png","datePublished":"2025-07-04T08:12:56+00:00","breadcrumb":{"@id":"https:\/\/streetbarbell.nl\/en\/product\/mb-7-93-multi-station-punching-bag-stand\/#breadcrumb"},"inLanguage":"de","potentialAction":[{"@type":"ReadAction","target":["https:\/\/streetbarbell.nl\/en\/product\/mb-7-93-multi-station-punching-bag-stand\/"]}]},{"@type":"ImageObject","inLanguage":"de","@id":"https:\/\/streetbarbell.nl\/en\/product\/mb-7-93-multi-station-punching-bag-stand\/#primaryimage","url":"https:\/\/streetbarbell.nl\/wp-content\/uploads\/2025\/07\/1-26.png","contentUrl":"https:\/\/streetbarbell.nl\/wp-content\/uploads\/2025\/07\/1-26.png","width":3000,"height":3000},{"@type":"BreadcrumbList","@id":"https:\/\/streetbarbell.nl\/en\/product\/mb-7-93-multi-station-punching-bag-stand\/#breadcrumb","itemListElement":[{"@type":"ListItem","position":1,"name":"Home","item":"https:\/\/streetbarbell.nl\/"},{"@type":"ListItem","position":2,"name":"Products","item":"https:\/\/streetbarbell.nl\/en\/shop\/"},{"@type":"ListItem","position":3,"name":"SB Boxing Line","item":"https:\/\/streetbarbell.nl\/en\/product-category\/sb-boxing-line\/"},{"@type":"ListItem","position":4,"name":"MB 7.93 Multi Station Punching Bag Stand"}]},{"@type":"WebSite","@id":"https:\/\/streetbarbell.nl\/#website","url":"https:\/\/streetbarbell.nl\/","name":"Stra\u00dfen-Langhantel","description":"","publisher":{"@id":"https:\/\/streetbarbell.nl\/#organization"},"potentialAction":[{"@type":"SearchAction","target":{"@type":"EntryPoint","urlTemplate":"https:\/\/streetbarbell.nl\/?s={search_term_string}"},"query-input":{"@type":"PropertyValueSpecification","valueRequired":true,"valueName":"search_term_string"}}],"inLanguage":"de"},{"@type":"Organization","@id":"https:\/\/streetbarbell.nl\/#organization","name":"Stra\u00dfen-Langhantel","url":"https:\/\/streetbarbell.nl\/","logo":{"@type":"ImageObject","inLanguage":"de","@id":"https:\/\/streetbarbell.nl\/#\/schema\/logo\/image\/","url":"https:\/\/streetbarbell.nl\/wp-content\/uploads\/2025\/04\/STBarbell_logo_BlackBG-scaled.jpg","contentUrl":"https:\/\/streetbarbell.nl\/wp-content\/uploads\/2025\/04\/STBarbell_logo_BlackBG-scaled.jpg","width":2560,"height":373,"caption":"Street Barbell"},"image":{"@id":"https:\/\/streetbarbell.nl\/#\/schema\/logo\/image\/"},"sameAs":["https:\/\/www.facebook.com\/people\/HCC-Benelux\/100054443501362\/?mibextid=wwXIfr&rdid=byd8XPaFfNG5h7DC&share_url=httpswww.facebook.comshare1EbKGMiBBmmibextidwwXIfr","https:\/\/www.instagram.com\/hcc_benelux?igsh=MTZyeDMyZWJ0Z2R3Zw==","https:\/\/youtube.com\/@streetbarbellbenelux?si=6DbnNpX5dgdHsu9h"]}]}},"_links":{"self":[{"href":"https:\/\/streetbarbell.nl\/de\/wp-json\/wp\/v2\/product\/2679","targetHints":{"allow":["GET"]}}],"collection":[{"href":"https:\/\/streetbarbell.nl\/de\/wp-json\/wp\/v2\/product"}],"about":[{"href":"https:\/\/streetbarbell.nl\/de\/wp-json\/wp\/v2\/types\/product"}],"wp:featuredmedia":[{"embeddable":true,"href":"https:\/\/streetbarbell.nl\/de\/wp-json\/wp\/v2\/media\/2675"}],"wp:attachment":[{"href":"https:\/\/streetbarbell.nl\/de\/wp-json\/wp\/v2\/media?parent=2679"}],"wp:term":[{"taxonomy":"product_brand","embeddable":true,"href":"https:\/\/streetbarbell.nl\/de\/wp-json\/wp\/v2\/product_brand?post=2679"},{"taxonomy":"product_cat","embeddable":true,"href":"https:\/\/streetbarbell.nl\/de\/wp-json\/wp\/v2\/product_cat?post=2679"},{"taxonomy":"product_tag","embeddable":true,"href":"https:\/\/streetbarbell.nl\/de\/wp-json\/wp\/v2\/product_tag?post=2679"}],"curies":[{"name":"wp","href":"https:\/\/api.w.org\/{rel}","templated":true}]}}