{"id":2701,"date":"2025-07-04T08:25:13","date_gmt":"2025-07-04T08:25:13","guid":{"rendered":"https:\/\/streetbarbell.nl\/?post_type=product&#038;p=2701"},"modified":"2025-07-04T08:25:13","modified_gmt":"2025-07-04T08:25:13","slug":"mb-7-81-elliptical-trainer","status":"publish","type":"product","link":"https:\/\/streetbarbell.nl\/de\/produkt\/mb-7-81-elliptical-trainer\/","title":{"rendered":"MB 7.81 Ellipsentrainer"},"content":{"rendered":"","protected":false},"excerpt":{"rendered":"<p>Das Ellipsentrainer ist f\u00fcr stehende Herz-Kreislauf-Trainingseinheiten konzipiert. Es verf\u00fcgt \u00fcber einen innovativen nicht-tr\u00e4gheitsbehafteten Lademechanismus, der die Beinmuskulatur w\u00e4hrend der \u00dcbung wirksam beansprucht.<\/p>\n<p>Spezifikationen<\/p>\n<ul class=\"wp-block-list\">\n<li>5 Widerstandsstufen verf\u00fcgbar (10kg \/ 20kg \/ 30kg \/ 40kg \/ 50kg)<\/li>\n<li>Abmessungen: L\u00e4nge 2040 mm x Breite 1360 mm x H\u00f6he 1690 mm<\/li>\n<li>Gewicht: 150 kg<\/li>\n<\/ul>\n<p><strong>Rahmen<\/strong>: Stahl, Zinkgrundierung mit Pulverbeschichtung und zus\u00e4tzlicher Klarlackbeschichtung<\/p>\n<p><strong>Kleine Teile<\/strong>Rostfreier Stahl<\/p>\n<p><strong>Griffe und Trittstufen<\/strong>PVC<\/p>","protected":false},"featured_media":2688,"template":"","meta":{"site-sidebar-layout":"default","site-content-layout":"","ast-site-content-layout":"default","site-content-style":"default","site-sidebar-style":"default","ast-global-header-display":"","ast-banner-title-visibility":"","ast-main-header-display":"","ast-hfb-above-header-display":"","ast-hfb-below-header-display":"","ast-hfb-mobile-header-display":"","site-post-title":"","ast-breadcrumbs-content":"","ast-featured-img":"","footer-sml-layout":"","ast-disable-related-posts":"","theme-transparent-header-meta":"default","adv-header-id-meta":"","stick-header-meta":"","header-above-stick-meta":"","header-main-stick-meta":"","header-below-stick-meta":"","astra-migrate-meta-layouts":"set","ast-page-background-enabled":"default","ast-page-background-meta":{"desktop":{"background-color":"var(--ast-global-color-5)","background-image":"","background-repeat":"repeat","background-position":"center center","background-size":"auto","background-attachment":"scroll","background-type":"","background-media":"","overlay-type":"","overlay-color":"","overlay-opacity":"","overlay-gradient":""},"tablet":{"background-color":"","background-image":"","background-repeat":"repeat","background-position":"center center","background-size":"auto","background-attachment":"scroll","background-type":"","background-media":"","overlay-type":"","overlay-color":"","overlay-opacity":"","overlay-gradient":""},"mobile":{"background-color":"","background-image":"","background-repeat":"repeat","background-position":"center center","background-size":"auto","background-attachment":"scroll","background-type":"","background-media":"","overlay-type":"","overlay-color":"","overlay-opacity":"","overlay-gradient":""}},"ast-content-background-meta":{"desktop":{"background-color":"var(--ast-global-color-4)","background-image":"","background-repeat":"repeat","background-position":"center center","background-size":"auto","background-attachment":"scroll","background-type":"","background-media":"","overlay-type":"","overlay-color":"","overlay-opacity":"","overlay-gradient":""},"tablet":{"background-color":"var(--ast-global-color-4)","background-image":"","background-repeat":"repeat","background-position":"center center","background-size":"auto","background-attachment":"scroll","background-type":"","background-media":"","overlay-type":"","overlay-color":"","overlay-opacity":"","overlay-gradient":""},"mobile":{"background-color":"var(--ast-global-color-4)","background-image":"","background-repeat":"repeat","background-position":"center center","background-size":"auto","background-attachment":"scroll","background-type":"","background-media":"","overlay-type":"","overlay-color":"","overlay-opacity":"","overlay-gradient":""}}},"product_brand":[],"product_cat":[30],"product_tag":[],"class_list":{"0":"post-2701","1":"product","2":"type-product","3":"status-publish","4":"has-post-thumbnail","6":"product_cat-sb-cardio-line","7":"desktop-align-left","8":"tablet-align-left","9":"mobile-align-left","11":"first","12":"instock","13":"shipping-taxable","14":"purchasable","15":"product-type-simple"},"yoast_head":"<!-- This site is optimized with the Yoast SEO plugin v27.4 - https:\/\/yoast.com\/product\/yoast-seo-wordpress\/ -->\n<title>MB 7.81 Elliptical Trainer - Street Barbell<\/title>\n<meta name=\"robots\" content=\"index, follow, max-snippet:-1, max-image-preview:large, max-video-preview:-1\" \/>\n<link rel=\"canonical\" href=\"https:\/\/streetbarbell.nl\/de\/produkt\/mb-7-81-elliptical-trainer\/\" \/>\n<meta property=\"og:locale\" content=\"de_DE\" \/>\n<meta property=\"og:type\" content=\"article\" \/>\n<meta property=\"og:title\" content=\"MB 7.81 Elliptical Trainer - Street Barbell\" \/>\n<meta property=\"og:description\" content=\"The elliptical is designed for standing cardiovascular workouts. It features an innovative non-inertial loading mechanism that effectively engages the leg muscles during the exercise.  Specifications   5 resistant levels available (10kg \/ 20kg \/ 30kg \/ 40kg \/ 50kg)  Dimensions: length 2040 mm x width 1360 mm x height 1690 mm  Weight: 150 kg  Frame: Steel, zink primer with powder coating plus extra clear coating finish  Small Parts: Stainless Steel  Handles and treads: PVC\" \/>\n<meta property=\"og:url\" content=\"https:\/\/streetbarbell.nl\/de\/produkt\/mb-7-81-elliptical-trainer\/\" \/>\n<meta property=\"og:site_name\" content=\"Street Barbell\" \/>\n<meta property=\"article:publisher\" content=\"https:\/\/www.facebook.com\/people\/HCC-Benelux\/100054443501362\/?mibextid=wwXIfr&amp;rdid=byd8XPaFfNG5h7DC&amp;share_url=httpswww.facebook.comshare1EbKGMiBBmmibextidwwXIfr\" \/>\n<meta property=\"og:image\" content=\"https:\/\/streetbarbell.nl\/wp-content\/uploads\/2025\/07\/1-28.png\" \/>\n\t<meta property=\"og:image:width\" content=\"1000\" \/>\n\t<meta property=\"og:image:height\" content=\"1000\" \/>\n\t<meta property=\"og:image:type\" content=\"image\/png\" \/>\n<script type=\"application\/ld+json\" class=\"yoast-schema-graph\">{\"@context\":\"https:\\\/\\\/schema.org\",\"@graph\":[{\"@type\":\"WebPage\",\"@id\":\"https:\\\/\\\/streetbarbell.nl\\\/product\\\/mb-7-81-elliptical-trainer\\\/\",\"url\":\"https:\\\/\\\/streetbarbell.nl\\\/product\\\/mb-7-81-elliptical-trainer\\\/\",\"name\":\"MB 7.81 Elliptical Trainer - Street Barbell\",\"isPartOf\":{\"@id\":\"https:\\\/\\\/streetbarbell.nl\\\/#website\"},\"primaryImageOfPage\":{\"@id\":\"https:\\\/\\\/streetbarbell.nl\\\/product\\\/mb-7-81-elliptical-trainer\\\/#primaryimage\"},\"image\":{\"@id\":\"https:\\\/\\\/streetbarbell.nl\\\/product\\\/mb-7-81-elliptical-trainer\\\/#primaryimage\"},\"thumbnailUrl\":\"https:\\\/\\\/streetbarbell.nl\\\/wp-content\\\/uploads\\\/2025\\\/07\\\/1-28.png\",\"datePublished\":\"2025-07-04T08:25:13+00:00\",\"breadcrumb\":{\"@id\":\"https:\\\/\\\/streetbarbell.nl\\\/product\\\/mb-7-81-elliptical-trainer\\\/#breadcrumb\"},\"inLanguage\":\"de\",\"potentialAction\":[{\"@type\":\"ReadAction\",\"target\":[\"https:\\\/\\\/streetbarbell.nl\\\/product\\\/mb-7-81-elliptical-trainer\\\/\"]}]},{\"@type\":\"ImageObject\",\"inLanguage\":\"de\",\"@id\":\"https:\\\/\\\/streetbarbell.nl\\\/product\\\/mb-7-81-elliptical-trainer\\\/#primaryimage\",\"url\":\"https:\\\/\\\/streetbarbell.nl\\\/wp-content\\\/uploads\\\/2025\\\/07\\\/1-28.png\",\"contentUrl\":\"https:\\\/\\\/streetbarbell.nl\\\/wp-content\\\/uploads\\\/2025\\\/07\\\/1-28.png\",\"width\":1000,\"height\":1000},{\"@type\":\"BreadcrumbList\",\"@id\":\"https:\\\/\\\/streetbarbell.nl\\\/product\\\/mb-7-81-elliptical-trainer\\\/#breadcrumb\",\"itemListElement\":[{\"@type\":\"ListItem\",\"position\":1,\"name\":\"Home\",\"item\":\"https:\\\/\\\/streetbarbell.nl\\\/\"},{\"@type\":\"ListItem\",\"position\":2,\"name\":\"Products\",\"item\":\"https:\\\/\\\/streetbarbell.nl\\\/en\\\/shop\\\/\"},{\"@type\":\"ListItem\",\"position\":3,\"name\":\"SB Cardio Line\",\"item\":\"https:\\\/\\\/streetbarbell.nl\\\/product-category\\\/sb-cardio-line\\\/\"},{\"@type\":\"ListItem\",\"position\":4,\"name\":\"MB 7.81 Elliptical Trainer\"}]},{\"@type\":\"WebSite\",\"@id\":\"https:\\\/\\\/streetbarbell.nl\\\/#website\",\"url\":\"https:\\\/\\\/streetbarbell.nl\\\/\",\"name\":\"Street Barbell\",\"description\":\"\",\"publisher\":{\"@id\":\"https:\\\/\\\/streetbarbell.nl\\\/#organization\"},\"potentialAction\":[{\"@type\":\"SearchAction\",\"target\":{\"@type\":\"EntryPoint\",\"urlTemplate\":\"https:\\\/\\\/streetbarbell.nl\\\/?s={search_term_string}\"},\"query-input\":{\"@type\":\"PropertyValueSpecification\",\"valueRequired\":true,\"valueName\":\"search_term_string\"}}],\"inLanguage\":\"de\"},{\"@type\":\"Organization\",\"@id\":\"https:\\\/\\\/streetbarbell.nl\\\/#organization\",\"name\":\"Street Barbell\",\"url\":\"https:\\\/\\\/streetbarbell.nl\\\/\",\"logo\":{\"@type\":\"ImageObject\",\"inLanguage\":\"de\",\"@id\":\"https:\\\/\\\/streetbarbell.nl\\\/#\\\/schema\\\/logo\\\/image\\\/\",\"url\":\"https:\\\/\\\/streetbarbell.nl\\\/wp-content\\\/uploads\\\/2025\\\/04\\\/STBarbell_logo_BlackBG-scaled.jpg\",\"contentUrl\":\"https:\\\/\\\/streetbarbell.nl\\\/wp-content\\\/uploads\\\/2025\\\/04\\\/STBarbell_logo_BlackBG-scaled.jpg\",\"width\":2560,\"height\":373,\"caption\":\"Street Barbell\"},\"image\":{\"@id\":\"https:\\\/\\\/streetbarbell.nl\\\/#\\\/schema\\\/logo\\\/image\\\/\"},\"sameAs\":[\"https:\\\/\\\/www.facebook.com\\\/people\\\/HCC-Benelux\\\/100054443501362\\\/?mibextid=wwXIfr&rdid=byd8XPaFfNG5h7DC&share_url=httpswww.facebook.comshare1EbKGMiBBmmibextidwwXIfr\",\"https:\\\/\\\/www.instagram.com\\\/hcc_benelux?igsh=MTZyeDMyZWJ0Z2R3Zw==\",\"https:\\\/\\\/youtube.com\\\/@streetbarbellbenelux?si=6DbnNpX5dgdHsu9h\"]}]}<\/script>\n<!-- \/ Yoast SEO plugin. -->","yoast_head_json":{"title":"MB 7.81 Ellipsentrainer - Street Barbell","robots":{"index":"index","follow":"follow","max-snippet":"max-snippet:-1","max-image-preview":"max-image-preview:large","max-video-preview":"max-video-preview:-1"},"canonical":"https:\/\/streetbarbell.nl\/de\/produkt\/mb-7-81-elliptical-trainer\/","og_locale":"de_DE","og_type":"article","og_title":"MB 7.81 Elliptical Trainer - Street Barbell","og_description":"The elliptical is designed for standing cardiovascular workouts. It features an innovative non-inertial loading mechanism that effectively engages the leg muscles during the exercise.  Specifications   5 resistant levels available (10kg \/ 20kg \/ 30kg \/ 40kg \/ 50kg)  Dimensions: length 2040 mm x width 1360 mm x height 1690 mm  Weight: 150 kg  Frame: Steel, zink primer with powder coating plus extra clear coating finish  Small Parts: Stainless Steel  Handles and treads: PVC","og_url":"https:\/\/streetbarbell.nl\/de\/produkt\/mb-7-81-elliptical-trainer\/","og_site_name":"Street Barbell","article_publisher":"https:\/\/www.facebook.com\/people\/HCC-Benelux\/100054443501362\/?mibextid=wwXIfr&rdid=byd8XPaFfNG5h7DC&share_url=httpswww.facebook.comshare1EbKGMiBBmmibextidwwXIfr","og_image":[{"width":1000,"height":1000,"url":"https:\/\/streetbarbell.nl\/wp-content\/uploads\/2025\/07\/1-28.png","type":"image\/png"}],"schema":{"@context":"https:\/\/schema.org","@graph":[{"@type":"WebPage","@id":"https:\/\/streetbarbell.nl\/product\/mb-7-81-elliptical-trainer\/","url":"https:\/\/streetbarbell.nl\/product\/mb-7-81-elliptical-trainer\/","name":"MB 7.81 Ellipsentrainer - Street Barbell","isPartOf":{"@id":"https:\/\/streetbarbell.nl\/#website"},"primaryImageOfPage":{"@id":"https:\/\/streetbarbell.nl\/product\/mb-7-81-elliptical-trainer\/#primaryimage"},"image":{"@id":"https:\/\/streetbarbell.nl\/product\/mb-7-81-elliptical-trainer\/#primaryimage"},"thumbnailUrl":"https:\/\/streetbarbell.nl\/wp-content\/uploads\/2025\/07\/1-28.png","datePublished":"2025-07-04T08:25:13+00:00","breadcrumb":{"@id":"https:\/\/streetbarbell.nl\/product\/mb-7-81-elliptical-trainer\/#breadcrumb"},"inLanguage":"de","potentialAction":[{"@type":"ReadAction","target":["https:\/\/streetbarbell.nl\/product\/mb-7-81-elliptical-trainer\/"]}]},{"@type":"ImageObject","inLanguage":"de","@id":"https:\/\/streetbarbell.nl\/product\/mb-7-81-elliptical-trainer\/#primaryimage","url":"https:\/\/streetbarbell.nl\/wp-content\/uploads\/2025\/07\/1-28.png","contentUrl":"https:\/\/streetbarbell.nl\/wp-content\/uploads\/2025\/07\/1-28.png","width":1000,"height":1000},{"@type":"BreadcrumbList","@id":"https:\/\/streetbarbell.nl\/product\/mb-7-81-elliptical-trainer\/#breadcrumb","itemListElement":[{"@type":"ListItem","position":1,"name":"Home","item":"https:\/\/streetbarbell.nl\/"},{"@type":"ListItem","position":2,"name":"Products","item":"https:\/\/streetbarbell.nl\/en\/shop\/"},{"@type":"ListItem","position":3,"name":"SB Cardio Line","item":"https:\/\/streetbarbell.nl\/product-category\/sb-cardio-line\/"},{"@type":"ListItem","position":4,"name":"MB 7.81 Elliptical Trainer"}]},{"@type":"WebSite","@id":"https:\/\/streetbarbell.nl\/#website","url":"https:\/\/streetbarbell.nl\/","name":"Stra\u00dfen-Langhantel","description":"","publisher":{"@id":"https:\/\/streetbarbell.nl\/#organization"},"potentialAction":[{"@type":"SearchAction","target":{"@type":"EntryPoint","urlTemplate":"https:\/\/streetbarbell.nl\/?s={search_term_string}"},"query-input":{"@type":"PropertyValueSpecification","valueRequired":true,"valueName":"search_term_string"}}],"inLanguage":"de"},{"@type":"Organization","@id":"https:\/\/streetbarbell.nl\/#organization","name":"Stra\u00dfen-Langhantel","url":"https:\/\/streetbarbell.nl\/","logo":{"@type":"ImageObject","inLanguage":"de","@id":"https:\/\/streetbarbell.nl\/#\/schema\/logo\/image\/","url":"https:\/\/streetbarbell.nl\/wp-content\/uploads\/2025\/04\/STBarbell_logo_BlackBG-scaled.jpg","contentUrl":"https:\/\/streetbarbell.nl\/wp-content\/uploads\/2025\/04\/STBarbell_logo_BlackBG-scaled.jpg","width":2560,"height":373,"caption":"Street Barbell"},"image":{"@id":"https:\/\/streetbarbell.nl\/#\/schema\/logo\/image\/"},"sameAs":["https:\/\/www.facebook.com\/people\/HCC-Benelux\/100054443501362\/?mibextid=wwXIfr&rdid=byd8XPaFfNG5h7DC&share_url=httpswww.facebook.comshare1EbKGMiBBmmibextidwwXIfr","https:\/\/www.instagram.com\/hcc_benelux?igsh=MTZyeDMyZWJ0Z2R3Zw==","https:\/\/youtube.com\/@streetbarbellbenelux?si=6DbnNpX5dgdHsu9h"]}]}},"_links":{"self":[{"href":"https:\/\/streetbarbell.nl\/de\/wp-json\/wp\/v2\/product\/2701","targetHints":{"allow":["GET"]}}],"collection":[{"href":"https:\/\/streetbarbell.nl\/de\/wp-json\/wp\/v2\/product"}],"about":[{"href":"https:\/\/streetbarbell.nl\/de\/wp-json\/wp\/v2\/types\/product"}],"wp:featuredmedia":[{"embeddable":true,"href":"https:\/\/streetbarbell.nl\/de\/wp-json\/wp\/v2\/media\/2688"}],"wp:attachment":[{"href":"https:\/\/streetbarbell.nl\/de\/wp-json\/wp\/v2\/media?parent=2701"}],"wp:term":[{"taxonomy":"product_brand","embeddable":true,"href":"https:\/\/streetbarbell.nl\/de\/wp-json\/wp\/v2\/product_brand?post=2701"},{"taxonomy":"product_cat","embeddable":true,"href":"https:\/\/streetbarbell.nl\/de\/wp-json\/wp\/v2\/product_cat?post=2701"},{"taxonomy":"product_tag","embeddable":true,"href":"https:\/\/streetbarbell.nl\/de\/wp-json\/wp\/v2\/product_tag?post=2701"}],"curies":[{"name":"wp","href":"https:\/\/api.w.org\/{rel}","templated":true}]}}