{"id":2998,"date":"2025-07-05T06:18:20","date_gmt":"2025-07-05T06:18:20","guid":{"rendered":"https:\/\/streetbarbell.nl\/?post_type=product&#038;p=2998"},"modified":"2025-07-05T06:18:20","modified_gmt":"2025-07-05T06:18:20","slug":"mb-7-56-3-incline-chest-press","status":"publish","type":"product","link":"https:\/\/streetbarbell.nl\/de\/produkt\/mb-7-56-3-incline-chest-press\/","title":{"rendered":"MB 7.56.3 Schr\u00e4gbankdr\u00fccken"},"content":{"rendered":"","protected":false},"excerpt":{"rendered":"<p>Der Trainer ist f\u00fcr das Training der Brust- und Deltamuskeln konzipiert. Das Design des Trainers erm\u00f6glicht es Rollstuhlfahrern, ihn zu benutzen.<\/p>\n<p>Spezifikationen<\/p>\n<ul class=\"wp-block-list\">\n<li>Hantelscheiben: 16 x 5 kg und 6 x 1,25 kg<\/li>\n<li>Abmessungen: L\u00e4nge 1810 mm x Breite 1580 mm x H\u00f6he 2000 mm<\/li>\n<li>Gewicht: 377 kg<\/li>\n<\/ul>\n<p><strong>Muskeln<\/strong>Schultern, oberer Brustkorb, Trizeps<\/p>\n<p><strong>Rahmen<\/strong>: Stahl, Zinkgrundierung mit Pulverbeschichtung und zus\u00e4tzlicher Klarlackbeschichtung<\/p>\n<p><strong>Schienen<\/strong>Rostfreier Stahl<\/p>\n<p><strong>Kleine Teile<\/strong>Rostfreier Stahl<\/p>","protected":false},"featured_media":2983,"template":"","meta":{"site-sidebar-layout":"default","site-content-layout":"","ast-site-content-layout":"default","site-content-style":"default","site-sidebar-style":"default","ast-global-header-display":"","ast-banner-title-visibility":"","ast-main-header-display":"","ast-hfb-above-header-display":"","ast-hfb-below-header-display":"","ast-hfb-mobile-header-display":"","site-post-title":"","ast-breadcrumbs-content":"","ast-featured-img":"","footer-sml-layout":"","ast-disable-related-posts":"","theme-transparent-header-meta":"default","adv-header-id-meta":"","stick-header-meta":"","header-above-stick-meta":"","header-main-stick-meta":"","header-below-stick-meta":"","astra-migrate-meta-layouts":"set","ast-page-background-enabled":"default","ast-page-background-meta":{"desktop":{"background-color":"var(--ast-global-color-5)","background-image":"","background-repeat":"repeat","background-position":"center center","background-size":"auto","background-attachment":"scroll","background-type":"","background-media":"","overlay-type":"","overlay-color":"","overlay-opacity":"","overlay-gradient":""},"tablet":{"background-color":"","background-image":"","background-repeat":"repeat","background-position":"center center","background-size":"auto","background-attachment":"scroll","background-type":"","background-media":"","overlay-type":"","overlay-color":"","overlay-opacity":"","overlay-gradient":""},"mobile":{"background-color":"","background-image":"","background-repeat":"repeat","background-position":"center center","background-size":"auto","background-attachment":"scroll","background-type":"","background-media":"","overlay-type":"","overlay-color":"","overlay-opacity":"","overlay-gradient":""}},"ast-content-background-meta":{"desktop":{"background-color":"var(--ast-global-color-4)","background-image":"","background-repeat":"repeat","background-position":"center center","background-size":"auto","background-attachment":"scroll","background-type":"","background-media":"","overlay-type":"","overlay-color":"","overlay-opacity":"","overlay-gradient":""},"tablet":{"background-color":"var(--ast-global-color-4)","background-image":"","background-repeat":"repeat","background-position":"center center","background-size":"auto","background-attachment":"scroll","background-type":"","background-media":"","overlay-type":"","overlay-color":"","overlay-opacity":"","overlay-gradient":""},"mobile":{"background-color":"var(--ast-global-color-4)","background-image":"","background-repeat":"repeat","background-position":"center center","background-size":"auto","background-attachment":"scroll","background-type":"","background-media":"","overlay-type":"","overlay-color":"","overlay-opacity":"","overlay-gradient":""}}},"product_brand":[],"product_cat":[29],"product_tag":[],"class_list":{"0":"post-2998","1":"product","2":"type-product","3":"status-publish","4":"has-post-thumbnail","6":"product_cat-sb-plus-line","7":"desktop-align-left","8":"tablet-align-left","9":"mobile-align-left","11":"first","12":"instock","13":"shipping-taxable","14":"purchasable","15":"product-type-simple"},"yoast_head":"<!-- This site is optimized with the Yoast SEO plugin v27.4 - https:\/\/yoast.com\/product\/yoast-seo-wordpress\/ -->\n<title>MB 7.56.3 Incline Chest Press - Street Barbell<\/title>\n<meta name=\"robots\" content=\"index, follow, max-snippet:-1, max-image-preview:large, max-video-preview:-1\" \/>\n<link rel=\"canonical\" href=\"https:\/\/streetbarbell.nl\/de\/produkt\/mb-7-56-3-incline-chest-press\/\" \/>\n<meta property=\"og:locale\" content=\"de_DE\" \/>\n<meta property=\"og:type\" content=\"article\" \/>\n<meta property=\"og:title\" content=\"MB 7.56.3 Incline Chest Press - Street Barbell\" \/>\n<meta property=\"og:description\" content=\"The trainer is designed for training the chest and deltoid muscles. The design of the trainer allows individuals in wheelchairs to use it.  Specifications   Plates: 16 x 5 kg and 6 x 1.25 kg  Dimensions: length 1810 mm x width 1580 mm x height 2000 mm  Weight: 377 kg  Muscles: Shoulders, Upper Chest, Triceps  Frame: Steel, zink primer with powder coating plus extra clear coating finish  Rails: Stainless Steel  Small Parts: Stainless Steel\" \/>\n<meta property=\"og:url\" content=\"https:\/\/streetbarbell.nl\/de\/produkt\/mb-7-56-3-incline-chest-press\/\" \/>\n<meta property=\"og:site_name\" content=\"Street Barbell\" \/>\n<meta property=\"article:publisher\" content=\"https:\/\/www.facebook.com\/people\/HCC-Benelux\/100054443501362\/?mibextid=wwXIfr&amp;rdid=byd8XPaFfNG5h7DC&amp;share_url=httpswww.facebook.comshare1EbKGMiBBmmibextidwwXIfr\" \/>\n<meta property=\"og:image\" content=\"https:\/\/streetbarbell.nl\/wp-content\/uploads\/2025\/07\/1-62.png\" \/>\n\t<meta property=\"og:image:width\" content=\"1000\" \/>\n\t<meta property=\"og:image:height\" content=\"1000\" \/>\n\t<meta property=\"og:image:type\" content=\"image\/png\" \/>\n<script type=\"application\/ld+json\" class=\"yoast-schema-graph\">{\"@context\":\"https:\\\/\\\/schema.org\",\"@graph\":[{\"@type\":\"WebPage\",\"@id\":\"https:\\\/\\\/streetbarbell.nl\\\/product\\\/mb-7-56-3-incline-chest-press\\\/\",\"url\":\"https:\\\/\\\/streetbarbell.nl\\\/product\\\/mb-7-56-3-incline-chest-press\\\/\",\"name\":\"MB 7.56.3 Incline Chest Press - Street Barbell\",\"isPartOf\":{\"@id\":\"https:\\\/\\\/streetbarbell.nl\\\/#website\"},\"primaryImageOfPage\":{\"@id\":\"https:\\\/\\\/streetbarbell.nl\\\/product\\\/mb-7-56-3-incline-chest-press\\\/#primaryimage\"},\"image\":{\"@id\":\"https:\\\/\\\/streetbarbell.nl\\\/product\\\/mb-7-56-3-incline-chest-press\\\/#primaryimage\"},\"thumbnailUrl\":\"https:\\\/\\\/streetbarbell.nl\\\/wp-content\\\/uploads\\\/2025\\\/07\\\/1-62.png\",\"datePublished\":\"2025-07-05T06:18:20+00:00\",\"breadcrumb\":{\"@id\":\"https:\\\/\\\/streetbarbell.nl\\\/product\\\/mb-7-56-3-incline-chest-press\\\/#breadcrumb\"},\"inLanguage\":\"de\",\"potentialAction\":[{\"@type\":\"ReadAction\",\"target\":[\"https:\\\/\\\/streetbarbell.nl\\\/product\\\/mb-7-56-3-incline-chest-press\\\/\"]}]},{\"@type\":\"ImageObject\",\"inLanguage\":\"de\",\"@id\":\"https:\\\/\\\/streetbarbell.nl\\\/product\\\/mb-7-56-3-incline-chest-press\\\/#primaryimage\",\"url\":\"https:\\\/\\\/streetbarbell.nl\\\/wp-content\\\/uploads\\\/2025\\\/07\\\/1-62.png\",\"contentUrl\":\"https:\\\/\\\/streetbarbell.nl\\\/wp-content\\\/uploads\\\/2025\\\/07\\\/1-62.png\",\"width\":1000,\"height\":1000},{\"@type\":\"BreadcrumbList\",\"@id\":\"https:\\\/\\\/streetbarbell.nl\\\/product\\\/mb-7-56-3-incline-chest-press\\\/#breadcrumb\",\"itemListElement\":[{\"@type\":\"ListItem\",\"position\":1,\"name\":\"Home\",\"item\":\"https:\\\/\\\/streetbarbell.nl\\\/\"},{\"@type\":\"ListItem\",\"position\":2,\"name\":\"Products\",\"item\":\"https:\\\/\\\/streetbarbell.nl\\\/en\\\/shop\\\/\"},{\"@type\":\"ListItem\",\"position\":3,\"name\":\"SB Plus Line\",\"item\":\"https:\\\/\\\/streetbarbell.nl\\\/product-category\\\/sb-plus-line\\\/\"},{\"@type\":\"ListItem\",\"position\":4,\"name\":\"MB 7.56.3 Incline Chest Press\"}]},{\"@type\":\"WebSite\",\"@id\":\"https:\\\/\\\/streetbarbell.nl\\\/#website\",\"url\":\"https:\\\/\\\/streetbarbell.nl\\\/\",\"name\":\"Street Barbell\",\"description\":\"\",\"publisher\":{\"@id\":\"https:\\\/\\\/streetbarbell.nl\\\/#organization\"},\"potentialAction\":[{\"@type\":\"SearchAction\",\"target\":{\"@type\":\"EntryPoint\",\"urlTemplate\":\"https:\\\/\\\/streetbarbell.nl\\\/?s={search_term_string}\"},\"query-input\":{\"@type\":\"PropertyValueSpecification\",\"valueRequired\":true,\"valueName\":\"search_term_string\"}}],\"inLanguage\":\"de\"},{\"@type\":\"Organization\",\"@id\":\"https:\\\/\\\/streetbarbell.nl\\\/#organization\",\"name\":\"Street Barbell\",\"url\":\"https:\\\/\\\/streetbarbell.nl\\\/\",\"logo\":{\"@type\":\"ImageObject\",\"inLanguage\":\"de\",\"@id\":\"https:\\\/\\\/streetbarbell.nl\\\/#\\\/schema\\\/logo\\\/image\\\/\",\"url\":\"https:\\\/\\\/streetbarbell.nl\\\/wp-content\\\/uploads\\\/2025\\\/04\\\/STBarbell_logo_BlackBG-scaled.jpg\",\"contentUrl\":\"https:\\\/\\\/streetbarbell.nl\\\/wp-content\\\/uploads\\\/2025\\\/04\\\/STBarbell_logo_BlackBG-scaled.jpg\",\"width\":2560,\"height\":373,\"caption\":\"Street Barbell\"},\"image\":{\"@id\":\"https:\\\/\\\/streetbarbell.nl\\\/#\\\/schema\\\/logo\\\/image\\\/\"},\"sameAs\":[\"https:\\\/\\\/www.facebook.com\\\/people\\\/HCC-Benelux\\\/100054443501362\\\/?mibextid=wwXIfr&rdid=byd8XPaFfNG5h7DC&share_url=httpswww.facebook.comshare1EbKGMiBBmmibextidwwXIfr\",\"https:\\\/\\\/www.instagram.com\\\/hcc_benelux?igsh=MTZyeDMyZWJ0Z2R3Zw==\",\"https:\\\/\\\/youtube.com\\\/@streetbarbellbenelux?si=6DbnNpX5dgdHsu9h\"]}]}<\/script>\n<!-- \/ Yoast SEO plugin. -->","yoast_head_json":{"title":"MB 7.56.3 Schr\u00e4gbank-Brustpresse - Stra\u00dfen-Hantel","robots":{"index":"index","follow":"follow","max-snippet":"max-snippet:-1","max-image-preview":"max-image-preview:large","max-video-preview":"max-video-preview:-1"},"canonical":"https:\/\/streetbarbell.nl\/de\/produkt\/mb-7-56-3-incline-chest-press\/","og_locale":"de_DE","og_type":"article","og_title":"MB 7.56.3 Incline Chest Press - Street Barbell","og_description":"The trainer is designed for training the chest and deltoid muscles. The design of the trainer allows individuals in wheelchairs to use it.  Specifications   Plates: 16 x 5 kg and 6 x 1.25 kg  Dimensions: length 1810 mm x width 1580 mm x height 2000 mm  Weight: 377 kg  Muscles: Shoulders, Upper Chest, Triceps  Frame: Steel, zink primer with powder coating plus extra clear coating finish  Rails: Stainless Steel  Small Parts: Stainless Steel","og_url":"https:\/\/streetbarbell.nl\/de\/produkt\/mb-7-56-3-incline-chest-press\/","og_site_name":"Street Barbell","article_publisher":"https:\/\/www.facebook.com\/people\/HCC-Benelux\/100054443501362\/?mibextid=wwXIfr&rdid=byd8XPaFfNG5h7DC&share_url=httpswww.facebook.comshare1EbKGMiBBmmibextidwwXIfr","og_image":[{"width":1000,"height":1000,"url":"https:\/\/streetbarbell.nl\/wp-content\/uploads\/2025\/07\/1-62.png","type":"image\/png"}],"schema":{"@context":"https:\/\/schema.org","@graph":[{"@type":"WebPage","@id":"https:\/\/streetbarbell.nl\/product\/mb-7-56-3-incline-chest-press\/","url":"https:\/\/streetbarbell.nl\/product\/mb-7-56-3-incline-chest-press\/","name":"MB 7.56.3 Schr\u00e4gbank-Brustpresse - Stra\u00dfen-Hantel","isPartOf":{"@id":"https:\/\/streetbarbell.nl\/#website"},"primaryImageOfPage":{"@id":"https:\/\/streetbarbell.nl\/product\/mb-7-56-3-incline-chest-press\/#primaryimage"},"image":{"@id":"https:\/\/streetbarbell.nl\/product\/mb-7-56-3-incline-chest-press\/#primaryimage"},"thumbnailUrl":"https:\/\/streetbarbell.nl\/wp-content\/uploads\/2025\/07\/1-62.png","datePublished":"2025-07-05T06:18:20+00:00","breadcrumb":{"@id":"https:\/\/streetbarbell.nl\/product\/mb-7-56-3-incline-chest-press\/#breadcrumb"},"inLanguage":"de","potentialAction":[{"@type":"ReadAction","target":["https:\/\/streetbarbell.nl\/product\/mb-7-56-3-incline-chest-press\/"]}]},{"@type":"ImageObject","inLanguage":"de","@id":"https:\/\/streetbarbell.nl\/product\/mb-7-56-3-incline-chest-press\/#primaryimage","url":"https:\/\/streetbarbell.nl\/wp-content\/uploads\/2025\/07\/1-62.png","contentUrl":"https:\/\/streetbarbell.nl\/wp-content\/uploads\/2025\/07\/1-62.png","width":1000,"height":1000},{"@type":"BreadcrumbList","@id":"https:\/\/streetbarbell.nl\/product\/mb-7-56-3-incline-chest-press\/#breadcrumb","itemListElement":[{"@type":"ListItem","position":1,"name":"Home","item":"https:\/\/streetbarbell.nl\/"},{"@type":"ListItem","position":2,"name":"Products","item":"https:\/\/streetbarbell.nl\/en\/shop\/"},{"@type":"ListItem","position":3,"name":"SB Plus Line","item":"https:\/\/streetbarbell.nl\/product-category\/sb-plus-line\/"},{"@type":"ListItem","position":4,"name":"MB 7.56.3 Incline Chest Press"}]},{"@type":"WebSite","@id":"https:\/\/streetbarbell.nl\/#website","url":"https:\/\/streetbarbell.nl\/","name":"Stra\u00dfen-Langhantel","description":"","publisher":{"@id":"https:\/\/streetbarbell.nl\/#organization"},"potentialAction":[{"@type":"SearchAction","target":{"@type":"EntryPoint","urlTemplate":"https:\/\/streetbarbell.nl\/?s={search_term_string}"},"query-input":{"@type":"PropertyValueSpecification","valueRequired":true,"valueName":"search_term_string"}}],"inLanguage":"de"},{"@type":"Organization","@id":"https:\/\/streetbarbell.nl\/#organization","name":"Stra\u00dfen-Langhantel","url":"https:\/\/streetbarbell.nl\/","logo":{"@type":"ImageObject","inLanguage":"de","@id":"https:\/\/streetbarbell.nl\/#\/schema\/logo\/image\/","url":"https:\/\/streetbarbell.nl\/wp-content\/uploads\/2025\/04\/STBarbell_logo_BlackBG-scaled.jpg","contentUrl":"https:\/\/streetbarbell.nl\/wp-content\/uploads\/2025\/04\/STBarbell_logo_BlackBG-scaled.jpg","width":2560,"height":373,"caption":"Street Barbell"},"image":{"@id":"https:\/\/streetbarbell.nl\/#\/schema\/logo\/image\/"},"sameAs":["https:\/\/www.facebook.com\/people\/HCC-Benelux\/100054443501362\/?mibextid=wwXIfr&rdid=byd8XPaFfNG5h7DC&share_url=httpswww.facebook.comshare1EbKGMiBBmmibextidwwXIfr","https:\/\/www.instagram.com\/hcc_benelux?igsh=MTZyeDMyZWJ0Z2R3Zw==","https:\/\/youtube.com\/@streetbarbellbenelux?si=6DbnNpX5dgdHsu9h"]}]}},"_links":{"self":[{"href":"https:\/\/streetbarbell.nl\/de\/wp-json\/wp\/v2\/product\/2998","targetHints":{"allow":["GET"]}}],"collection":[{"href":"https:\/\/streetbarbell.nl\/de\/wp-json\/wp\/v2\/product"}],"about":[{"href":"https:\/\/streetbarbell.nl\/de\/wp-json\/wp\/v2\/types\/product"}],"wp:featuredmedia":[{"embeddable":true,"href":"https:\/\/streetbarbell.nl\/de\/wp-json\/wp\/v2\/media\/2983"}],"wp:attachment":[{"href":"https:\/\/streetbarbell.nl\/de\/wp-json\/wp\/v2\/media?parent=2998"}],"wp:term":[{"taxonomy":"product_brand","embeddable":true,"href":"https:\/\/streetbarbell.nl\/de\/wp-json\/wp\/v2\/product_brand?post=2998"},{"taxonomy":"product_cat","embeddable":true,"href":"https:\/\/streetbarbell.nl\/de\/wp-json\/wp\/v2\/product_cat?post=2998"},{"taxonomy":"product_tag","embeddable":true,"href":"https:\/\/streetbarbell.nl\/de\/wp-json\/wp\/v2\/product_tag?post=2998"}],"curies":[{"name":"wp","href":"https:\/\/api.w.org\/{rel}","templated":true}]}}