{"id":3482,"date":"2025-07-25T04:24:48","date_gmt":"2025-07-25T04:24:48","guid":{"rendered":"https:\/\/streetbarbell.nl\/?page_id=3482"},"modified":"2026-02-04T21:52:15","modified_gmt":"2026-02-04T21:52:15","slug":"download-brochure","status":"publish","type":"page","link":"https:\/\/streetbarbell.nl\/fr\/download-brochure\/","title":{"rendered":"T\u00e9l\u00e9charger la brochure"},"content":{"rendered":"\t\t<div data-elementor-type=\"wp-page\" data-elementor-id=\"3482\" class=\"elementor elementor-3482\" data-elementor-post-type=\"page\">\n\t\t\t\t<div class=\"elementor-element elementor-element-3f9278c8 e-flex e-con-boxed e-con e-parent\" data-id=\"3f9278c8\" data-element_type=\"container\" data-e-type=\"container\">\n\t\t\t\t\t<div class=\"e-con-inner\">\n\t\t\t\t<div class=\"elementor-element elementor-element-612a100 elementor-widget elementor-widget-wpforms\" data-id=\"612a100\" data-element_type=\"widget\" data-e-type=\"widget\" data-widget_type=\"wpforms.default\">\n\t\t\t\t<div class=\"elementor-widget-container\">\n\t\t\t\t\t<div class=\"wpforms-container wpforms-container-full wpforms-render-modern\" id=\"wpforms-2074\"><form id=\"wpforms-form-2074\" class=\"wpforms-validate wpforms-form\" data-formid=\"2074\" method=\"post\" enctype=\"multipart\/form-data\" action=\"\/fr\/wp-json\/wp\/v2\/pages\/3482\" data-token=\"cf546ab508090ccab00742976df522e4\" data-token-time=\"1777445607\"><noscript class=\"wpforms-error-noscript\">Veuillez activer JavaScript dans votre navigateur pour remplir ce formulaire.<\/noscript><div id=\"wpforms-error-noscript\" style=\"display: none;\">Veuillez activer JavaScript dans votre navigateur pour remplir ce formulaire.<\/div><div class=\"wpforms-field-container\"><div id=\"wpforms-2074-field_1-container\" class=\"wpforms-field wpforms-field-name\" data-field-id=\"1\"><fieldset><legend class=\"wpforms-field-label\">Naam <span class=\"wpforms-required-label\" aria-hidden=\"true\">*<\/span><\/legend><div class=\"wpforms-field-row wpforms-field-medium\"><div class=\"wpforms-field-row-block wpforms-first wpforms-one-half\"><input type=\"text\" id=\"wpforms-2074-field_1\" class=\"wpforms-field-name-first wpforms-field-required\" name=\"wpforms[fields][1][first]\" aria-errormessage=\"wpforms-2074-field_1-error\" required><label for=\"wpforms-2074-field_1\" class=\"wpforms-field-sublabel after\">Pr\u00e9nom<\/label><\/div><div class=\"wpforms-field-row-block wpforms-one-half\"><input type=\"text\" id=\"wpforms-2074-field_1-last\" class=\"wpforms-field-name-last wpforms-field-required\" name=\"wpforms[fields][1][last]\" aria-errormessage=\"wpforms-2074-field_1-last-error\" required><label for=\"wpforms-2074-field_1-last\" class=\"wpforms-field-sublabel after\">Nom<\/label><\/div><\/div><\/fieldset><\/div><div id=\"wpforms-2074-field_2-container\" class=\"wpforms-field wpforms-field-text\" data-field-id=\"2\"><label class=\"wpforms-field-label\" for=\"wpforms-2074-field_2\">Bedrijfsnaam <span class=\"wpforms-required-label\" aria-hidden=\"true\">*<\/span><\/label><input type=\"text\" id=\"wpforms-2074-field_2\" class=\"wpforms-field-medium wpforms-field-required\" name=\"wpforms[fields][2]\" aria-errormessage=\"wpforms-2074-field_2-error\" required><\/div><div id=\"wpforms-2074-field_3-container\" class=\"wpforms-field wpforms-field-text\" data-field-id=\"3\"><label class=\"wpforms-field-label\" for=\"wpforms-2074-field_3\">Mailadres <span class=\"wpforms-required-label\" aria-hidden=\"true\">*<\/span><\/label><input type=\"text\" id=\"wpforms-2074-field_3\" class=\"wpforms-field-medium wpforms-field-required\" name=\"wpforms[fields][3]\" aria-errormessage=\"wpforms-2074-field_3-error\" required><\/div><div id=\"wpforms-2074-field_4-container\" class=\"wpforms-field wpforms-field-number\" data-field-id=\"4\"><label class=\"wpforms-field-label\" for=\"wpforms-2074-field_4\">Telefoonnummer <span class=\"wpforms-required-label\" aria-hidden=\"true\">*<\/span><\/label><input type=\"number\" id=\"wpforms-2074-field_4\" class=\"wpforms-field-medium wpforms-field-required\" name=\"wpforms[fields][4]\" step=\"any\" aria-errormessage=\"wpforms-2074-field_4-error\" required><\/div>\t\t<div id=\"wpforms-2074-field_6-container\"\n\t\t\tclass=\"wpforms-field wpforms-field-text\"\n\t\t\tdata-field-type=\"text\"\n\t\t\tdata-field-id=\"6\"\n\t\t\t>\n\t\t\t<label class=\"wpforms-field-label\" for=\"wpforms-2074-field_6\" >Bedrijfsnaam Naam Bedrijf<\/label>\n\t\t\t<input type=\"text\" id=\"wpforms-2074-field_6\" class=\"wpforms-field-medium\" name=\"wpforms[fields][6]\" >\n\t\t<\/div>\n\t\t<div id=\"wpforms-2074-field_5-container\" class=\"wpforms-field wpforms-field-text\" data-field-id=\"5\"><label class=\"wpforms-field-label\" for=\"wpforms-2074-field_5\">Locatie van Bedrijf <span class=\"wpforms-required-label\" aria-hidden=\"true\">*<\/span><\/label><input type=\"text\" id=\"wpforms-2074-field_5\" class=\"wpforms-field-medium wpforms-field-required\" name=\"wpforms[fields][5]\" aria-errormessage=\"wpforms-2074-field_5-error\" required><\/div><script>\n\t\t\t\t( function() {\n\t\t\t\t\tconst style = document.createElement( 'style' );\n\t\t\t\t\tstyle.appendChild( document.createTextNode( '#wpforms-2074-field_6-container { position: absolute !important; overflow: hidden !important; display: inline !important; height: 1px !important; width: 1px !important; z-index: -1000 !important; padding: 0 !important; } #wpforms-2074-field_6-container input { visibility: hidden; } #wpforms-conversational-form-page #wpforms-2074-field_6-container label { counter-increment: none; }' ) );\n\t\t\t\t\tdocument.head.appendChild( style );\n\t\t\t\t\tdocument.currentScript?.remove();\n\t\t\t\t} )();\n\t\t\t<\/script><\/div><!-- .wpforms-field-container --><div class=\"wpforms-submit-container\" ><input type=\"hidden\" name=\"wpforms[id]\" value=\"2074\"><input type=\"hidden\" name=\"page_title\" value=\"\"><input type=\"hidden\" name=\"page_url\" value=\"https:\/\/streetbarbell.nl\/fr\/wp-json\/wp\/v2\/pages\/3482\"><input type=\"hidden\" name=\"url_referer\" value=\"\"><button type=\"submit\" name=\"wpforms[submit]\" id=\"wpforms-submit-2074\" class=\"wpforms-submit\" data-alt-text=\"Verzenden...\" data-submit-text=\"Inleveren\" aria-live=\"assertive\" value=\"wpforms-submit\">Inleveren<\/button><\/div><\/form><\/div>  <!-- .wpforms-container -->\t\t\t\t<\/div>\n\t\t\t\t<\/div>\n\t\t\t\t\t<\/div>\n\t\t\t\t<\/div>\n\t\t\t\t<\/div>\n\t\t","protected":false},"excerpt":{"rendered":"<p>Please enable JavaScript in your browser to complete this form.Please enable JavaScript in your browser to complete this form. Naam [&hellip;]<\/p>\n","protected":false},"author":1,"featured_media":0,"parent":0,"menu_order":0,"comment_status":"closed","ping_status":"closed","template":"","meta":{"site-sidebar-layout":"default","site-content-layout":"","ast-site-content-layout":"default","site-content-style":"default","site-sidebar-style":"default","ast-global-header-display":"","ast-banner-title-visibility":"","ast-main-header-display":"","ast-hfb-above-header-display":"","ast-hfb-below-header-display":"","ast-hfb-mobile-header-display":"","site-post-title":"","ast-breadcrumbs-content":"","ast-featured-img":"","footer-sml-layout":"","ast-disable-related-posts":"","theme-transparent-header-meta":"","adv-header-id-meta":"","stick-header-meta":"","header-above-stick-meta":"","header-main-stick-meta":"","header-below-stick-meta":"","astra-migrate-meta-layouts":"default","ast-page-background-enabled":"default","ast-page-background-meta":{"desktop":{"background-color":"var(--ast-global-color-5)","background-image":"","background-repeat":"repeat","background-position":"center center","background-size":"auto","background-attachment":"scroll","background-type":"","background-media":"","overlay-type":"","overlay-color":"","overlay-opacity":"","overlay-gradient":""},"tablet":{"background-color":"","background-image":"","background-repeat":"repeat","background-position":"center center","background-size":"auto","background-attachment":"scroll","background-type":"","background-media":"","overlay-type":"","overlay-color":"","overlay-opacity":"","overlay-gradient":""},"mobile":{"background-color":"","background-image":"","background-repeat":"repeat","background-position":"center center","background-size":"auto","background-attachment":"scroll","background-type":"","background-media":"","overlay-type":"","overlay-color":"","overlay-opacity":"","overlay-gradient":""}},"ast-content-background-meta":{"desktop":{"background-color":"var(--ast-global-color-4)","background-image":"","background-repeat":"repeat","background-position":"center center","background-size":"auto","background-attachment":"scroll","background-type":"","background-media":"","overlay-type":"","overlay-color":"","overlay-opacity":"","overlay-gradient":""},"tablet":{"background-color":"var(--ast-global-color-4)","background-image":"","background-repeat":"repeat","background-position":"center center","background-size":"auto","background-attachment":"scroll","background-type":"","background-media":"","overlay-type":"","overlay-color":"","overlay-opacity":"","overlay-gradient":""},"mobile":{"background-color":"var(--ast-global-color-4)","background-image":"","background-repeat":"repeat","background-position":"center center","background-size":"auto","background-attachment":"scroll","background-type":"","background-media":"","overlay-type":"","overlay-color":"","overlay-opacity":"","overlay-gradient":""}},"footnotes":""},"class_list":["post-3482","page","type-page","status-publish","hentry"],"yoast_head":"<!-- This site is optimized with the Yoast SEO plugin v27.4 - https:\/\/yoast.com\/product\/yoast-seo-wordpress\/ -->\n<title>Download Brochure - Street Barbell<\/title>\n<meta name=\"robots\" content=\"noindex, follow\" \/>\n<meta property=\"og:locale\" content=\"fr_FR\" \/>\n<meta property=\"og:type\" content=\"article\" \/>\n<meta property=\"og:title\" content=\"Download Brochure - Street Barbell\" \/>\n<meta property=\"og:description\" content=\"Please enable JavaScript in your browser to complete this form.Please enable JavaScript in your browser to complete this form. Naam [&hellip;]\" \/>\n<meta property=\"og:url\" content=\"https:\/\/streetbarbell.nl\/fr\/download-brochure\/\" \/>\n<meta property=\"og:site_name\" content=\"Street Barbell\" \/>\n<meta property=\"article:publisher\" content=\"https:\/\/www.facebook.com\/people\/HCC-Benelux\/100054443501362\/?mibextid=wwXIfr&amp;rdid=byd8XPaFfNG5h7DC&amp;share_url=httpswww.facebook.comshare1EbKGMiBBmmibextidwwXIfr\" \/>\n<meta property=\"article:modified_time\" content=\"2026-02-04T21:52:15+00:00\" \/>\n<script type=\"application\/ld+json\" class=\"yoast-schema-graph\">{\"@context\":\"https:\\\/\\\/schema.org\",\"@graph\":[{\"@type\":\"WebPage\",\"@id\":\"https:\\\/\\\/streetbarbell.nl\\\/download-brochure\\\/\",\"url\":\"https:\\\/\\\/streetbarbell.nl\\\/download-brochure\\\/\",\"name\":\"Download Brochure - Street Barbell\",\"isPartOf\":{\"@id\":\"https:\\\/\\\/streetbarbell.nl\\\/#website\"},\"datePublished\":\"2025-07-25T04:24:48+00:00\",\"dateModified\":\"2026-02-04T21:52:15+00:00\",\"breadcrumb\":{\"@id\":\"https:\\\/\\\/streetbarbell.nl\\\/download-brochure\\\/#breadcrumb\"},\"inLanguage\":\"fr-FR\",\"potentialAction\":[{\"@type\":\"ReadAction\",\"target\":[\"https:\\\/\\\/streetbarbell.nl\\\/download-brochure\\\/\"]}]},{\"@type\":\"BreadcrumbList\",\"@id\":\"https:\\\/\\\/streetbarbell.nl\\\/download-brochure\\\/#breadcrumb\",\"itemListElement\":[{\"@type\":\"ListItem\",\"position\":1,\"name\":\"Home\",\"item\":\"https:\\\/\\\/streetbarbell.nl\\\/\"},{\"@type\":\"ListItem\",\"position\":2,\"name\":\"Download Brochure\"}]},{\"@type\":\"WebSite\",\"@id\":\"https:\\\/\\\/streetbarbell.nl\\\/#website\",\"url\":\"https:\\\/\\\/streetbarbell.nl\\\/\",\"name\":\"Street Barbell\",\"description\":\"\",\"publisher\":{\"@id\":\"https:\\\/\\\/streetbarbell.nl\\\/#organization\"},\"potentialAction\":[{\"@type\":\"SearchAction\",\"target\":{\"@type\":\"EntryPoint\",\"urlTemplate\":\"https:\\\/\\\/streetbarbell.nl\\\/?s={search_term_string}\"},\"query-input\":{\"@type\":\"PropertyValueSpecification\",\"valueRequired\":true,\"valueName\":\"search_term_string\"}}],\"inLanguage\":\"fr-FR\"},{\"@type\":\"Organization\",\"@id\":\"https:\\\/\\\/streetbarbell.nl\\\/#organization\",\"name\":\"Street Barbell\",\"url\":\"https:\\\/\\\/streetbarbell.nl\\\/\",\"logo\":{\"@type\":\"ImageObject\",\"inLanguage\":\"fr-FR\",\"@id\":\"https:\\\/\\\/streetbarbell.nl\\\/#\\\/schema\\\/logo\\\/image\\\/\",\"url\":\"https:\\\/\\\/streetbarbell.nl\\\/wp-content\\\/uploads\\\/2025\\\/04\\\/STBarbell_logo_BlackBG-scaled.jpg\",\"contentUrl\":\"https:\\\/\\\/streetbarbell.nl\\\/wp-content\\\/uploads\\\/2025\\\/04\\\/STBarbell_logo_BlackBG-scaled.jpg\",\"width\":2560,\"height\":373,\"caption\":\"Street Barbell\"},\"image\":{\"@id\":\"https:\\\/\\\/streetbarbell.nl\\\/#\\\/schema\\\/logo\\\/image\\\/\"},\"sameAs\":[\"https:\\\/\\\/www.facebook.com\\\/people\\\/HCC-Benelux\\\/100054443501362\\\/?mibextid=wwXIfr&rdid=byd8XPaFfNG5h7DC&share_url=httpswww.facebook.comshare1EbKGMiBBmmibextidwwXIfr\",\"https:\\\/\\\/www.instagram.com\\\/hcc_benelux?igsh=MTZyeDMyZWJ0Z2R3Zw==\",\"https:\\\/\\\/youtube.com\\\/@streetbarbellbenelux?si=6DbnNpX5dgdHsu9h\"]}]}<\/script>\n<!-- \/ Yoast SEO plugin. -->","yoast_head_json":{"title":"T\u00e9l\u00e9charger Brochure - Barre de musculation ext\u00e9rieure","robots":{"index":"noindex","follow":"follow"},"og_locale":"fr_FR","og_type":"article","og_title":"Download Brochure - Street Barbell","og_description":"Please enable JavaScript in your browser to complete this form.Please enable JavaScript in your browser to complete this form. Naam [&hellip;]","og_url":"https:\/\/streetbarbell.nl\/fr\/download-brochure\/","og_site_name":"Street Barbell","article_publisher":"https:\/\/www.facebook.com\/people\/HCC-Benelux\/100054443501362\/?mibextid=wwXIfr&rdid=byd8XPaFfNG5h7DC&share_url=httpswww.facebook.comshare1EbKGMiBBmmibextidwwXIfr","article_modified_time":"2026-02-04T21:52:15+00:00","schema":{"@context":"https:\/\/schema.org","@graph":[{"@type":"WebPage","@id":"https:\/\/streetbarbell.nl\/download-brochure\/","url":"https:\/\/streetbarbell.nl\/download-brochure\/","name":"T\u00e9l\u00e9charger Brochure - Barre de musculation ext\u00e9rieure","isPartOf":{"@id":"https:\/\/streetbarbell.nl\/#website"},"datePublished":"2025-07-25T04:24:48+00:00","dateModified":"2026-02-04T21:52:15+00:00","breadcrumb":{"@id":"https:\/\/streetbarbell.nl\/download-brochure\/#breadcrumb"},"inLanguage":"fr-FR","potentialAction":[{"@type":"ReadAction","target":["https:\/\/streetbarbell.nl\/download-brochure\/"]}]},{"@type":"BreadcrumbList","@id":"https:\/\/streetbarbell.nl\/download-brochure\/#breadcrumb","itemListElement":[{"@type":"ListItem","position":1,"name":"Home","item":"https:\/\/streetbarbell.nl\/"},{"@type":"ListItem","position":2,"name":"Download Brochure"}]},{"@type":"WebSite","@id":"https:\/\/streetbarbell.nl\/#website","url":"https:\/\/streetbarbell.nl\/","name":"Halt\u00e8re de rue","description":"","publisher":{"@id":"https:\/\/streetbarbell.nl\/#organization"},"potentialAction":[{"@type":"SearchAction","target":{"@type":"EntryPoint","urlTemplate":"https:\/\/streetbarbell.nl\/?s={search_term_string}"},"query-input":{"@type":"PropertyValueSpecification","valueRequired":true,"valueName":"search_term_string"}}],"inLanguage":"fr-FR"},{"@type":"Organization","@id":"https:\/\/streetbarbell.nl\/#organization","name":"Halt\u00e8re de rue","url":"https:\/\/streetbarbell.nl\/","logo":{"@type":"ImageObject","inLanguage":"fr-FR","@id":"https:\/\/streetbarbell.nl\/#\/schema\/logo\/image\/","url":"https:\/\/streetbarbell.nl\/wp-content\/uploads\/2025\/04\/STBarbell_logo_BlackBG-scaled.jpg","contentUrl":"https:\/\/streetbarbell.nl\/wp-content\/uploads\/2025\/04\/STBarbell_logo_BlackBG-scaled.jpg","width":2560,"height":373,"caption":"Street Barbell"},"image":{"@id":"https:\/\/streetbarbell.nl\/#\/schema\/logo\/image\/"},"sameAs":["https:\/\/www.facebook.com\/people\/HCC-Benelux\/100054443501362\/?mibextid=wwXIfr&rdid=byd8XPaFfNG5h7DC&share_url=httpswww.facebook.comshare1EbKGMiBBmmibextidwwXIfr","https:\/\/www.instagram.com\/hcc_benelux?igsh=MTZyeDMyZWJ0Z2R3Zw==","https:\/\/youtube.com\/@streetbarbellbenelux?si=6DbnNpX5dgdHsu9h"]}]}},"_links":{"self":[{"href":"https:\/\/streetbarbell.nl\/fr\/wp-json\/wp\/v2\/pages\/3482","targetHints":{"allow":["GET"]}}],"collection":[{"href":"https:\/\/streetbarbell.nl\/fr\/wp-json\/wp\/v2\/pages"}],"about":[{"href":"https:\/\/streetbarbell.nl\/fr\/wp-json\/wp\/v2\/types\/page"}],"author":[{"embeddable":true,"href":"https:\/\/streetbarbell.nl\/fr\/wp-json\/wp\/v2\/users\/1"}],"replies":[{"embeddable":true,"href":"https:\/\/streetbarbell.nl\/fr\/wp-json\/wp\/v2\/comments?post=3482"}],"version-history":[{"count":1,"href":"https:\/\/streetbarbell.nl\/fr\/wp-json\/wp\/v2\/pages\/3482\/revisions"}],"predecessor-version":[{"id":4568,"href":"https:\/\/streetbarbell.nl\/fr\/wp-json\/wp\/v2\/pages\/3482\/revisions\/4568"}],"wp:attachment":[{"href":"https:\/\/streetbarbell.nl\/fr\/wp-json\/wp\/v2\/media?parent=3482"}],"curies":[{"name":"wp","href":"https:\/\/api.w.org\/{rel}","templated":true}]}}