{"id":3637,"date":"2025-07-30T13:43:06","date_gmt":"2025-07-30T13:43:06","guid":{"rendered":"https:\/\/streetbarbell.nl\/?page_id=3637"},"modified":"2025-10-19T12:40:18","modified_gmt":"2025-10-19T12:40:18","slug":"kazbuld-2024-exhibition","status":"publish","type":"page","link":"https:\/\/streetbarbell.nl\/fr\/kazbuld-2024-exhibition\/","title":{"rendered":"Kazbuild 2024 Exposition"},"content":{"rendered":"\t\t<div data-elementor-type=\"wp-page\" data-elementor-id=\"3637\" class=\"elementor elementor-3637\" data-elementor-post-type=\"page\">\n\t\t\t\t<div class=\"elementor-element elementor-element-ad94986 e-con-full elementor-hidden-tablet elementor-hidden-mobile e-flex e-con e-parent\" data-id=\"ad94986\" data-element_type=\"container\" data-e-type=\"container\" data-settings=\"{&quot;shape_divider_top&quot;:&quot;tilt&quot;}\">\n\t\t\t\t<div class=\"elementor-shape elementor-shape-top\" aria-hidden=\"true\" data-negative=\"false\">\n\t\t\t<svg xmlns=\"http:\/\/www.w3.org\/2000\/svg\" viewBox=\"0 0 1000 100\" preserveAspectRatio=\"none\">\n\t<path class=\"elementor-shape-fill\" d=\"M0,6V0h1000v100L0,6z\"\/>\n<\/svg>\t\t<\/div>\n\t\t\t\t<\/div>\n\t\t<div class=\"elementor-element elementor-element-8d34bd7 e-con-full e-flex elementor-invisible e-con e-parent\" data-id=\"8d34bd7\" data-element_type=\"container\" data-e-type=\"container\" data-settings=\"{&quot;background_background&quot;:&quot;classic&quot;,&quot;background_motion_fx_mouseTrack_effect&quot;:&quot;yes&quot;,&quot;background_motion_fx_mouseTrack_speed&quot;:{&quot;unit&quot;:&quot;px&quot;,&quot;size&quot;:0.1,&quot;sizes&quot;:[]},&quot;background_motion_fx_motion_fx_scrolling&quot;:&quot;yes&quot;,&quot;background_motion_fx_motion_fx_mouse&quot;:&quot;yes&quot;,&quot;motion_fx_motion_fx_scrolling&quot;:&quot;yes&quot;,&quot;motion_fx_blur_effect&quot;:&quot;yes&quot;,&quot;motion_fx_blur_direction&quot;:&quot;in-out&quot;,&quot;motion_fx_blur_range&quot;:{&quot;unit&quot;:&quot;%&quot;,&quot;size&quot;:&quot;&quot;,&quot;sizes&quot;:{&quot;start&quot;:50,&quot;end&quot;:100}},&quot;motion_fx_motion_fx_mouse&quot;:&quot;yes&quot;,&quot;animation&quot;:&quot;fadeIn&quot;,&quot;background_motion_fx_devices&quot;:[&quot;desktop&quot;,&quot;tablet&quot;,&quot;mobile&quot;],&quot;motion_fx_blur_level&quot;:{&quot;unit&quot;:&quot;px&quot;,&quot;size&quot;:7,&quot;sizes&quot;:[]},&quot;motion_fx_devices&quot;:[&quot;desktop&quot;,&quot;tablet&quot;,&quot;mobile&quot;]}\">\n\t\t\t\t<div class=\"elementor-element elementor-element-2529cce animated-slow elementor-invisible elementor-widget elementor-widget-heading\" data-id=\"2529cce\" data-element_type=\"widget\" data-e-type=\"widget\" data-settings=\"{&quot;_animation&quot;:&quot;slideInUp&quot;}\" data-widget_type=\"heading.default\">\n\t\t\t\t<div class=\"elementor-widget-container\">\n\t\t\t\t\t<h2 class=\"elementor-heading-title elementor-size-default\">KazBuild 2024 Tentoonstelling<\/h2>\t\t\t\t<\/div>\n\t\t\t\t<\/div>\n\t\t\t\t<\/div>\n\t\t<div class=\"elementor-element elementor-element-bd4ec5b e-flex e-con-boxed e-con e-parent\" data-id=\"bd4ec5b\" data-element_type=\"container\" data-e-type=\"container\" data-settings=\"{&quot;background_background&quot;:&quot;classic&quot;}\">\n\t\t\t\t\t<div class=\"e-con-inner\">\n\t\t\t\t<div class=\"elementor-element elementor-element-c6eb2d2 elementor-widget elementor-widget-text-editor\" data-id=\"c6eb2d2\" data-element_type=\"widget\" data-e-type=\"widget\" data-widget_type=\"text-editor.default\">\n\t\t\t\t<div class=\"elementor-widget-container\">\n\t\t\t\t\t\t\t\t\t<header class=\"entry-header\"><\/header><div class=\"entry-content clear\"><p>Bezoek ons op de <b>KazBuild beurs<\/b>, waar StreetBarbell haar geavanceerde <b>outdoor krachtapparatuur<\/b> zal presenteren. Ontdek <b>state-of-the-art oplossingen<\/b> voor het bouwen van <b>outdoor workoutruimtes<\/b> die zijn ontworpen om effectieve krachttraining en fitness te ondersteunen.<\/p><p>Ontdek onze innovatieve StreetBarbell-apparatuur, gebouwd voor maximale <b>duurzaamheid<\/b> en <b>veiligheid<\/b>, en perfect voor elke buitensportfaciliteit.<\/p><p>Locatie:<br \/>Outside Pavilion 9, Booth D007<\/p><p>Datum:<br \/>04.09.2024 \u2013 06.09.2024<\/p><\/div>\t\t\t\t\t\t\t\t<\/div>\n\t\t\t\t<\/div>\n\t\t\t\t\t<\/div>\n\t\t\t\t<\/div>\n\t\t<div class=\"elementor-element elementor-element-97626d8 e-flex e-con-boxed e-con e-parent\" data-id=\"97626d8\" data-element_type=\"container\" data-e-type=\"container\" data-settings=\"{&quot;background_background&quot;:&quot;classic&quot;}\">\n\t\t\t\t\t<div class=\"e-con-inner\">\n\t\t\t\t<div class=\"elementor-element elementor-element-9493eaa elementor-widget elementor-widget-heading\" data-id=\"9493eaa\" data-element_type=\"widget\" data-e-type=\"widget\" data-widget_type=\"heading.default\">\n\t\t\t\t<div class=\"elementor-widget-container\">\n\t\t\t\t\t<h1 class=\"elementor-heading-title elementor-size-default\">Andere evenementen<\/h1>\t\t\t\t<\/div>\n\t\t\t\t<\/div>\n\t\t\t\t\t<\/div>\n\t\t\t\t<\/div>\n\t\t<div class=\"elementor-element elementor-element-1e72464 e-grid e-con-boxed e-con e-parent\" data-id=\"1e72464\" data-element_type=\"container\" data-e-type=\"container\" data-settings=\"{&quot;background_background&quot;:&quot;classic&quot;}\">\n\t\t\t\t\t<div class=\"e-con-inner\">\n\t\t<div class=\"elementor-element elementor-element-b372fed e-con-full e-flex e-con e-child\" data-id=\"b372fed\" data-element_type=\"container\" data-e-type=\"container\">\n\t\t\t\t<div class=\"elementor-element elementor-element-4ad7bdc elementor-widget elementor-widget-image\" data-id=\"4ad7bdc\" data-element_type=\"widget\" data-e-type=\"widget\" data-widget_type=\"image.default\">\n\t\t\t\t<div class=\"elementor-widget-container\">\n\t\t\t\t\t\t\t\t\t\t\t\t\t\t\t<img fetchpriority=\"high\" decoding=\"async\" width=\"300\" height=\"300\" src=\"https:\/\/streetbarbell.nl\/wp-content\/uploads\/2025\/05\/dizajn-bez-nazvaniya-1-300x300.webp\" class=\"attachment-medium size-medium wp-image-1931\" alt=\"\" srcset=\"https:\/\/streetbarbell.nl\/wp-content\/uploads\/2025\/05\/dizajn-bez-nazvaniya-1-300x300.webp 300w, https:\/\/streetbarbell.nl\/wp-content\/uploads\/2025\/05\/dizajn-bez-nazvaniya-1-100x100.webp 100w, https:\/\/streetbarbell.nl\/wp-content\/uploads\/2025\/05\/dizajn-bez-nazvaniya-1-150x150.webp 150w, https:\/\/streetbarbell.nl\/wp-content\/uploads\/2025\/05\/dizajn-bez-nazvaniya-1.webp 500w\" sizes=\"(max-width: 300px) 100vw, 300px\" \/>\t\t\t\t\t\t\t\t\t\t\t\t\t\t\t<\/div>\n\t\t\t\t<\/div>\n\t\t\t\t<div class=\"elementor-element elementor-element-aeb649d elementor-widget elementor-widget-heading\" data-id=\"aeb649d\" data-element_type=\"widget\" data-e-type=\"widget\" data-widget_type=\"heading.default\">\n\t\t\t\t<div class=\"elementor-widget-container\">\n\t\t\t\t\t<h2 class=\"elementor-heading-title elementor-size-default\"><a href=\"https:\/\/streetbarbell.nl\/galabau-2024-exhibition\/\">GaLaBau 2024 Tentoonstelling<\/a><\/h2>\t\t\t\t<\/div>\n\t\t\t\t<\/div>\n\t\t\t\t<div class=\"elementor-element elementor-element-18eeebc elementor-widget__width-initial elementor-widget elementor-widget-text-editor\" data-id=\"18eeebc\" data-element_type=\"widget\" data-e-type=\"widget\" data-widget_type=\"text-editor.default\">\n\t\t\t\t<div class=\"elementor-widget-container\">\n\t\t\t\t\t\t\t\t\t<header class=\"entry-header related-entry-header\"><header class=\"entry-header related-entry-header\"><div class=\"entry-meta ast-related-cat-style--none ast-related-tag-style--none\"><span class=\"posted-on\"><span class=\"published\">28.08.2024<\/span><\/span><\/div><\/header><div class=\"entry-content clear\"><p class=\"ast-related-post-excerpt entry-content clear\">Wij zijn verheugd je uit te nodigen op onze stand tijdens de <strong data-start=\"116\" data-end=\"146\">GaLaBau beurs in Duitsland<\/strong>, waar wij de \u2026 zullen presenteren.<\/p><\/div><\/header>\t\t\t\t\t\t\t\t<\/div>\n\t\t\t\t<\/div>\n\t\t\t\t<\/div>\n\t\t<div class=\"elementor-element elementor-element-6748a06 e-con-full e-flex e-con e-child\" data-id=\"6748a06\" data-element_type=\"container\" data-e-type=\"container\">\n\t\t\t\t<div class=\"elementor-element elementor-element-aa1ef3a elementor-widget elementor-widget-image\" data-id=\"aa1ef3a\" data-element_type=\"widget\" data-e-type=\"widget\" data-widget_type=\"image.default\">\n\t\t\t\t<div class=\"elementor-widget-container\">\n\t\t\t\t\t\t\t\t\t\t\t\t\t\t\t<img decoding=\"async\" width=\"300\" height=\"300\" src=\"https:\/\/streetbarbell.nl\/wp-content\/uploads\/2025\/05\/dizajn-bez-nazvaniya-1-300x300.png\" class=\"attachment-medium size-medium wp-image-214\" alt=\"\" srcset=\"https:\/\/streetbarbell.nl\/wp-content\/uploads\/2025\/05\/dizajn-bez-nazvaniya-1-300x300.png 300w, https:\/\/streetbarbell.nl\/wp-content\/uploads\/2025\/05\/dizajn-bez-nazvaniya-1-100x100.png 100w, https:\/\/streetbarbell.nl\/wp-content\/uploads\/2025\/05\/dizajn-bez-nazvaniya-1-150x150.png 150w, https:\/\/streetbarbell.nl\/wp-content\/uploads\/2025\/05\/dizajn-bez-nazvaniya-1.png 500w\" sizes=\"(max-width: 300px) 100vw, 300px\" \/>\t\t\t\t\t\t\t\t\t\t\t\t\t\t\t<\/div>\n\t\t\t\t<\/div>\n\t\t\t\t<div class=\"elementor-element elementor-element-404f96b elementor-widget elementor-widget-heading\" data-id=\"404f96b\" data-element_type=\"widget\" data-e-type=\"widget\" data-widget_type=\"heading.default\">\n\t\t\t\t<div class=\"elementor-widget-container\">\n\t\t\t\t\t<h2 class=\"elementor-heading-title elementor-size-default\"><a href=\"https:\/\/streetbarbell.nl\/gymtec-2025-exhibition\/\">Gymtec 2025 Tentoonstelling<\/a><\/h2>\t\t\t\t<\/div>\n\t\t\t\t<\/div>\n\t\t\t\t<div class=\"elementor-element elementor-element-0c4aa38 elementor-widget elementor-widget-text-editor\" data-id=\"0c4aa38\" data-element_type=\"widget\" data-e-type=\"widget\" data-widget_type=\"text-editor.default\">\n\t\t\t\t<div class=\"elementor-widget-container\">\n\t\t\t\t\t\t\t\t\t<header class=\"entry-header related-entry-header\"><header class=\"entry-header related-entry-header\"><div class=\"entry-meta ast-related-cat-style--none ast-related-tag-style--none\"><span class=\"posted-on\"><span class=\"published\">17.09.2024<\/span><\/span><\/div><\/header><div class=\"entry-content clear\"><p class=\"ast-related-post-excerpt entry-content clear\">Wij nodigen je uit om de <strong data-start=\"80\" data-end=\"103\">StreetBarbell-stand<\/strong> te bezoeken tijdens de toonaangevende fitnessapparatuurbeurs <strong data-start=\"165\" data-end=\"188\">Gymtec\/Sportec 2025<\/strong>. Wij zullen onze \u2026 presenteren.<\/p><\/div><\/header>\t\t\t\t\t\t\t\t<\/div>\n\t\t\t\t<\/div>\n\t\t\t\t<\/div>\n\t\t<div class=\"elementor-element elementor-element-90d6866 e-con-full e-flex e-con e-child\" data-id=\"90d6866\" data-element_type=\"container\" data-e-type=\"container\">\n\t\t\t\t<div class=\"elementor-element elementor-element-48eec9a elementor-widget elementor-widget-image\" data-id=\"48eec9a\" data-element_type=\"widget\" data-e-type=\"widget\" data-widget_type=\"image.default\">\n\t\t\t\t<div class=\"elementor-widget-container\">\n\t\t\t\t\t\t\t\t\t\t\t\t\t\t\t<img decoding=\"async\" width=\"300\" height=\"300\" src=\"https:\/\/streetbarbell.nl\/wp-content\/uploads\/2025\/05\/fibo-600x600-1-300x300.webp\" class=\"attachment-medium size-medium wp-image-1932\" alt=\"\" srcset=\"https:\/\/streetbarbell.nl\/wp-content\/uploads\/2025\/05\/fibo-600x600-1-300x300.webp 300w, https:\/\/streetbarbell.nl\/wp-content\/uploads\/2025\/05\/fibo-600x600-1-100x100.webp 100w, https:\/\/streetbarbell.nl\/wp-content\/uploads\/2025\/05\/fibo-600x600-1-150x150.webp 150w, https:\/\/streetbarbell.nl\/wp-content\/uploads\/2025\/05\/fibo-600x600-1.webp 600w\" sizes=\"(max-width: 300px) 100vw, 300px\" \/>\t\t\t\t\t\t\t\t\t\t\t\t\t\t\t<\/div>\n\t\t\t\t<\/div>\n\t\t\t\t<div class=\"elementor-element elementor-element-cc7595a elementor-widget elementor-widget-heading\" data-id=\"cc7595a\" data-element_type=\"widget\" data-e-type=\"widget\" data-widget_type=\"heading.default\">\n\t\t\t\t<div class=\"elementor-widget-container\">\n\t\t\t\t\t<h2 class=\"elementor-heading-title elementor-size-default\"><a href=\"https:\/\/streetbarbell.nl\/elementor-3609\/\">FIBO 2025<\/a><\/h2>\t\t\t\t<\/div>\n\t\t\t\t<\/div>\n\t\t\t\t<div class=\"elementor-element elementor-element-7e53ef4 elementor-widget elementor-widget-text-editor\" data-id=\"7e53ef4\" data-element_type=\"widget\" data-e-type=\"widget\" data-widget_type=\"text-editor.default\">\n\t\t\t\t<div class=\"elementor-widget-container\">\n\t\t\t\t\t\t\t\t\t<header class=\"entry-header related-entry-header\"><div>\u00a0<\/div><div class=\"entry-meta ast-related-cat-style--none ast-related-tag-style--none\"><span class=\"posted-on\"><span class=\"published\">11.11.2024<\/span><\/span><\/div><\/header><div class=\"entry-content clear\"><p class=\"ast-related-post-excerpt entry-content clear\">Wij nodigen je uit voor <strong data-start=\"79\" data-end=\"92\">FIBO 2025<\/strong> \u2013 \u2019s werelds toonaangevende vakbeurs voor fitness, gezondheid en sport, die plaatsvindt in \u2026<\/p><\/div>\t\t\t\t\t\t\t\t<\/div>\n\t\t\t\t<\/div>\n\t\t\t\t<\/div>\n\t\t\t\t\t<\/div>\n\t\t\t\t<\/div>\n\t\t\t\t<\/div>\n\t\t","protected":false},"excerpt":{"rendered":"<p>KazBuild 2024 Tentoonstelling Bezoek ons op de KazBuild beurs, waar StreetBarbell haar geavanceerde outdoor krachtapparatuur zal presenteren. Ontdek state-of-the-art oplossingen [&hellip;]<\/p>\n","protected":false},"author":1,"featured_media":0,"parent":0,"menu_order":0,"comment_status":"closed","ping_status":"closed","template":"","meta":{"site-sidebar-layout":"no-sidebar","site-content-layout":"","ast-site-content-layout":"full-width-container","site-content-style":"default","site-sidebar-style":"default","ast-global-header-display":"","ast-banner-title-visibility":"","ast-main-header-display":"","ast-hfb-above-header-display":"","ast-hfb-below-header-display":"","ast-hfb-mobile-header-display":"","site-post-title":"disabled","ast-breadcrumbs-content":"","ast-featured-img":"disabled","footer-sml-layout":"","ast-disable-related-posts":"","theme-transparent-header-meta":"","adv-header-id-meta":"","stick-header-meta":"","header-above-stick-meta":"","header-main-stick-meta":"","header-below-stick-meta":"","astra-migrate-meta-layouts":"default","ast-page-background-enabled":"default","ast-page-background-meta":{"desktop":{"background-color":"var(--ast-global-color-5)","background-image":"","background-repeat":"repeat","background-position":"center center","background-size":"auto","background-attachment":"scroll","background-type":"","background-media":"","overlay-type":"","overlay-color":"","overlay-opacity":"","overlay-gradient":""},"tablet":{"background-color":"","background-image":"","background-repeat":"repeat","background-position":"center center","background-size":"auto","background-attachment":"scroll","background-type":"","background-media":"","overlay-type":"","overlay-color":"","overlay-opacity":"","overlay-gradient":""},"mobile":{"background-color":"","background-image":"","background-repeat":"repeat","background-position":"center center","background-size":"auto","background-attachment":"scroll","background-type":"","background-media":"","overlay-type":"","overlay-color":"","overlay-opacity":"","overlay-gradient":""}},"ast-content-background-meta":{"desktop":{"background-color":"var(--ast-global-color-4)","background-image":"","background-repeat":"repeat","background-position":"center center","background-size":"auto","background-attachment":"scroll","background-type":"","background-media":"","overlay-type":"","overlay-color":"","overlay-opacity":"","overlay-gradient":""},"tablet":{"background-color":"var(--ast-global-color-4)","background-image":"","background-repeat":"repeat","background-position":"center center","background-size":"auto","background-attachment":"scroll","background-type":"","background-media":"","overlay-type":"","overlay-color":"","overlay-opacity":"","overlay-gradient":""},"mobile":{"background-color":"var(--ast-global-color-4)","background-image":"","background-repeat":"repeat","background-position":"center center","background-size":"auto","background-attachment":"scroll","background-type":"","background-media":"","overlay-type":"","overlay-color":"","overlay-opacity":"","overlay-gradient":""}},"footnotes":""},"class_list":["post-3637","page","type-page","status-publish","hentry"],"yoast_head":"<!-- This site is optimized with the Yoast SEO plugin v27.4 - https:\/\/yoast.com\/product\/yoast-seo-wordpress\/ -->\n<title>Kazbuild 2024 Exhibitie - Street Barbell<\/title>\n<meta name=\"robots\" content=\"index, follow, max-snippet:-1, max-image-preview:large, max-video-preview:-1\" \/>\n<link rel=\"canonical\" href=\"https:\/\/streetbarbell.nl\/fr\/kazbuld-2024-exhibition\/\" \/>\n<meta property=\"og:locale\" content=\"fr_FR\" \/>\n<meta property=\"og:type\" content=\"article\" \/>\n<meta property=\"og:title\" content=\"Kazbuild 2024 Exhibitie - Street Barbell\" \/>\n<meta property=\"og:description\" content=\"KazBuild 2024 Tentoonstelling Bezoek ons op de KazBuild beurs, waar StreetBarbell haar geavanceerde outdoor krachtapparatuur zal presenteren. Ontdek state-of-the-art oplossingen [&hellip;]\" \/>\n<meta property=\"og:url\" content=\"https:\/\/streetbarbell.nl\/fr\/kazbuld-2024-exhibition\/\" \/>\n<meta property=\"og:site_name\" content=\"Street Barbell\" \/>\n<meta property=\"article:publisher\" content=\"https:\/\/www.facebook.com\/people\/HCC-Benelux\/100054443501362\/?mibextid=wwXIfr&amp;rdid=byd8XPaFfNG5h7DC&amp;share_url=httpswww.facebook.comshare1EbKGMiBBmmibextidwwXIfr\" \/>\n<meta property=\"article:modified_time\" content=\"2025-10-19T12:40:18+00:00\" \/>\n<meta property=\"og:image\" content=\"https:\/\/streetbarbell.nl\/wp-content\/uploads\/2025\/05\/dizajn-bez-nazvaniya-1.webp\" \/>\n\t<meta property=\"og:image:width\" content=\"500\" \/>\n\t<meta property=\"og:image:height\" content=\"500\" \/>\n\t<meta property=\"og:image:type\" content=\"image\/webp\" \/>\n<script type=\"application\/ld+json\" class=\"yoast-schema-graph\">{\"@context\":\"https:\\\/\\\/schema.org\",\"@graph\":[{\"@type\":\"WebPage\",\"@id\":\"https:\\\/\\\/streetbarbell.nl\\\/kazbuld-2024-exhibition\\\/\",\"url\":\"https:\\\/\\\/streetbarbell.nl\\\/kazbuld-2024-exhibition\\\/\",\"name\":\"Kazbuild 2024 Exhibitie - Street Barbell\",\"isPartOf\":{\"@id\":\"https:\\\/\\\/streetbarbell.nl\\\/#website\"},\"primaryImageOfPage\":{\"@id\":\"https:\\\/\\\/streetbarbell.nl\\\/kazbuld-2024-exhibition\\\/#primaryimage\"},\"image\":{\"@id\":\"https:\\\/\\\/streetbarbell.nl\\\/kazbuld-2024-exhibition\\\/#primaryimage\"},\"thumbnailUrl\":\"https:\\\/\\\/streetbarbell.nl\\\/wp-content\\\/uploads\\\/2025\\\/05\\\/dizajn-bez-nazvaniya-1-300x300.webp\",\"datePublished\":\"2025-07-30T13:43:06+00:00\",\"dateModified\":\"2025-10-19T12:40:18+00:00\",\"breadcrumb\":{\"@id\":\"https:\\\/\\\/streetbarbell.nl\\\/kazbuld-2024-exhibition\\\/#breadcrumb\"},\"inLanguage\":\"fr-FR\",\"potentialAction\":[{\"@type\":\"ReadAction\",\"target\":[\"https:\\\/\\\/streetbarbell.nl\\\/kazbuld-2024-exhibition\\\/\"]}]},{\"@type\":\"ImageObject\",\"inLanguage\":\"fr-FR\",\"@id\":\"https:\\\/\\\/streetbarbell.nl\\\/kazbuld-2024-exhibition\\\/#primaryimage\",\"url\":\"https:\\\/\\\/streetbarbell.nl\\\/wp-content\\\/uploads\\\/2025\\\/05\\\/dizajn-bez-nazvaniya-1-300x300.webp\",\"contentUrl\":\"https:\\\/\\\/streetbarbell.nl\\\/wp-content\\\/uploads\\\/2025\\\/05\\\/dizajn-bez-nazvaniya-1-300x300.webp\"},{\"@type\":\"BreadcrumbList\",\"@id\":\"https:\\\/\\\/streetbarbell.nl\\\/kazbuld-2024-exhibition\\\/#breadcrumb\",\"itemListElement\":[{\"@type\":\"ListItem\",\"position\":1,\"name\":\"Home\",\"item\":\"https:\\\/\\\/streetbarbell.nl\\\/\"},{\"@type\":\"ListItem\",\"position\":2,\"name\":\"Kazbuild 2024 Exhibitie\"}]},{\"@type\":\"WebSite\",\"@id\":\"https:\\\/\\\/streetbarbell.nl\\\/#website\",\"url\":\"https:\\\/\\\/streetbarbell.nl\\\/\",\"name\":\"Street Barbell\",\"description\":\"\",\"publisher\":{\"@id\":\"https:\\\/\\\/streetbarbell.nl\\\/#organization\"},\"potentialAction\":[{\"@type\":\"SearchAction\",\"target\":{\"@type\":\"EntryPoint\",\"urlTemplate\":\"https:\\\/\\\/streetbarbell.nl\\\/?s={search_term_string}\"},\"query-input\":{\"@type\":\"PropertyValueSpecification\",\"valueRequired\":true,\"valueName\":\"search_term_string\"}}],\"inLanguage\":\"fr-FR\"},{\"@type\":\"Organization\",\"@id\":\"https:\\\/\\\/streetbarbell.nl\\\/#organization\",\"name\":\"Street Barbell\",\"url\":\"https:\\\/\\\/streetbarbell.nl\\\/\",\"logo\":{\"@type\":\"ImageObject\",\"inLanguage\":\"fr-FR\",\"@id\":\"https:\\\/\\\/streetbarbell.nl\\\/#\\\/schema\\\/logo\\\/image\\\/\",\"url\":\"https:\\\/\\\/streetbarbell.nl\\\/wp-content\\\/uploads\\\/2025\\\/04\\\/STBarbell_logo_BlackBG-scaled.jpg\",\"contentUrl\":\"https:\\\/\\\/streetbarbell.nl\\\/wp-content\\\/uploads\\\/2025\\\/04\\\/STBarbell_logo_BlackBG-scaled.jpg\",\"width\":2560,\"height\":373,\"caption\":\"Street Barbell\"},\"image\":{\"@id\":\"https:\\\/\\\/streetbarbell.nl\\\/#\\\/schema\\\/logo\\\/image\\\/\"},\"sameAs\":[\"https:\\\/\\\/www.facebook.com\\\/people\\\/HCC-Benelux\\\/100054443501362\\\/?mibextid=wwXIfr&rdid=byd8XPaFfNG5h7DC&share_url=httpswww.facebook.comshare1EbKGMiBBmmibextidwwXIfr\",\"https:\\\/\\\/www.instagram.com\\\/hcc_benelux?igsh=MTZyeDMyZWJ0Z2R3Zw==\",\"https:\\\/\\\/youtube.com\\\/@streetbarbellbenelux?si=6DbnNpX5dgdHsu9h\"]}]}<\/script>\n<!-- \/ Yoast SEO plugin. -->","yoast_head_json":{"title":"Kazbuild 2024 Exposition - Kettlebell de d\u00e9velopp\u00e9 couch\u00e9","robots":{"index":"index","follow":"follow","max-snippet":"max-snippet:-1","max-image-preview":"max-image-preview:large","max-video-preview":"max-video-preview:-1"},"canonical":"https:\/\/streetbarbell.nl\/fr\/kazbuld-2024-exhibition\/","og_locale":"fr_FR","og_type":"article","og_title":"Kazbuild 2024 Exhibitie - Street Barbell","og_description":"KazBuild 2024 Tentoonstelling Bezoek ons op de KazBuild beurs, waar StreetBarbell haar geavanceerde outdoor krachtapparatuur zal presenteren. Ontdek state-of-the-art oplossingen [&hellip;]","og_url":"https:\/\/streetbarbell.nl\/fr\/kazbuld-2024-exhibition\/","og_site_name":"Street Barbell","article_publisher":"https:\/\/www.facebook.com\/people\/HCC-Benelux\/100054443501362\/?mibextid=wwXIfr&rdid=byd8XPaFfNG5h7DC&share_url=httpswww.facebook.comshare1EbKGMiBBmmibextidwwXIfr","article_modified_time":"2025-10-19T12:40:18+00:00","og_image":[{"width":500,"height":500,"url":"https:\/\/streetbarbell.nl\/wp-content\/uploads\/2025\/05\/dizajn-bez-nazvaniya-1.webp","type":"image\/webp"}],"schema":{"@context":"https:\/\/schema.org","@graph":[{"@type":"WebPage","@id":"https:\/\/streetbarbell.nl\/kazbuld-2024-exhibition\/","url":"https:\/\/streetbarbell.nl\/kazbuld-2024-exhibition\/","name":"Kazbuild 2024 Exposition - Kettlebell de d\u00e9velopp\u00e9 couch\u00e9","isPartOf":{"@id":"https:\/\/streetbarbell.nl\/#website"},"primaryImageOfPage":{"@id":"https:\/\/streetbarbell.nl\/kazbuld-2024-exhibition\/#primaryimage"},"image":{"@id":"https:\/\/streetbarbell.nl\/kazbuld-2024-exhibition\/#primaryimage"},"thumbnailUrl":"https:\/\/streetbarbell.nl\/wp-content\/uploads\/2025\/05\/dizajn-bez-nazvaniya-1-300x300.webp","datePublished":"2025-07-30T13:43:06+00:00","dateModified":"2025-10-19T12:40:18+00:00","breadcrumb":{"@id":"https:\/\/streetbarbell.nl\/kazbuld-2024-exhibition\/#breadcrumb"},"inLanguage":"fr-FR","potentialAction":[{"@type":"ReadAction","target":["https:\/\/streetbarbell.nl\/kazbuld-2024-exhibition\/"]}]},{"@type":"ImageObject","inLanguage":"fr-FR","@id":"https:\/\/streetbarbell.nl\/kazbuld-2024-exhibition\/#primaryimage","url":"https:\/\/streetbarbell.nl\/wp-content\/uploads\/2025\/05\/dizajn-bez-nazvaniya-1-300x300.webp","contentUrl":"https:\/\/streetbarbell.nl\/wp-content\/uploads\/2025\/05\/dizajn-bez-nazvaniya-1-300x300.webp"},{"@type":"BreadcrumbList","@id":"https:\/\/streetbarbell.nl\/kazbuld-2024-exhibition\/#breadcrumb","itemListElement":[{"@type":"ListItem","position":1,"name":"Home","item":"https:\/\/streetbarbell.nl\/"},{"@type":"ListItem","position":2,"name":"Kazbuild 2024 Exhibitie"}]},{"@type":"WebSite","@id":"https:\/\/streetbarbell.nl\/#website","url":"https:\/\/streetbarbell.nl\/","name":"Halt\u00e8re de rue","description":"","publisher":{"@id":"https:\/\/streetbarbell.nl\/#organization"},"potentialAction":[{"@type":"SearchAction","target":{"@type":"EntryPoint","urlTemplate":"https:\/\/streetbarbell.nl\/?s={search_term_string}"},"query-input":{"@type":"PropertyValueSpecification","valueRequired":true,"valueName":"search_term_string"}}],"inLanguage":"fr-FR"},{"@type":"Organization","@id":"https:\/\/streetbarbell.nl\/#organization","name":"Halt\u00e8re de rue","url":"https:\/\/streetbarbell.nl\/","logo":{"@type":"ImageObject","inLanguage":"fr-FR","@id":"https:\/\/streetbarbell.nl\/#\/schema\/logo\/image\/","url":"https:\/\/streetbarbell.nl\/wp-content\/uploads\/2025\/04\/STBarbell_logo_BlackBG-scaled.jpg","contentUrl":"https:\/\/streetbarbell.nl\/wp-content\/uploads\/2025\/04\/STBarbell_logo_BlackBG-scaled.jpg","width":2560,"height":373,"caption":"Street Barbell"},"image":{"@id":"https:\/\/streetbarbell.nl\/#\/schema\/logo\/image\/"},"sameAs":["https:\/\/www.facebook.com\/people\/HCC-Benelux\/100054443501362\/?mibextid=wwXIfr&rdid=byd8XPaFfNG5h7DC&share_url=httpswww.facebook.comshare1EbKGMiBBmmibextidwwXIfr","https:\/\/www.instagram.com\/hcc_benelux?igsh=MTZyeDMyZWJ0Z2R3Zw==","https:\/\/youtube.com\/@streetbarbellbenelux?si=6DbnNpX5dgdHsu9h"]}]}},"_links":{"self":[{"href":"https:\/\/streetbarbell.nl\/fr\/wp-json\/wp\/v2\/pages\/3637","targetHints":{"allow":["GET"]}}],"collection":[{"href":"https:\/\/streetbarbell.nl\/fr\/wp-json\/wp\/v2\/pages"}],"about":[{"href":"https:\/\/streetbarbell.nl\/fr\/wp-json\/wp\/v2\/types\/page"}],"author":[{"embeddable":true,"href":"https:\/\/streetbarbell.nl\/fr\/wp-json\/wp\/v2\/users\/1"}],"replies":[{"embeddable":true,"href":"https:\/\/streetbarbell.nl\/fr\/wp-json\/wp\/v2\/comments?post=3637"}],"version-history":[{"count":0,"href":"https:\/\/streetbarbell.nl\/fr\/wp-json\/wp\/v2\/pages\/3637\/revisions"}],"wp:attachment":[{"href":"https:\/\/streetbarbell.nl\/fr\/wp-json\/wp\/v2\/media?parent=3637"}],"curies":[{"name":"wp","href":"https:\/\/api.w.org\/{rel}","templated":true}]}}