{"id":2654,"date":"2025-07-04T06:03:48","date_gmt":"2025-07-04T06:03:48","guid":{"rendered":"https:\/\/streetbarbell.nl\/?post_type=product&#038;p=2654"},"modified":"2025-07-04T06:03:48","modified_gmt":"2025-07-04T06:03:48","slug":"mb-7-34-dumbbell-set-heavy","status":"publish","type":"product","link":"https:\/\/streetbarbell.nl\/fr\/produit\/mb-7-34-dumbbell-set-heavy\/","title":{"rendered":"Ensemble d'halt\u00e8res MB 7,34 (lourd)"},"content":{"rendered":"","protected":false},"excerpt":{"rendered":"<p>Ensemble d'halt\u00e8res standard avec pupitre \u00e0 biceps et banc plat.<\/p>\n<p>Sp\u00e9cifications<\/p>\n<ul class=\"wp-block-list\">\n<li>Halt\u00e8res\u00a0: 2 x 21 kg \/ 2 x 26 kg \/ 2 x 31 kg<\/li>\n<li>Dimensions de la plateforme (Lxlxh), mm : 1290x2200x1100<\/li>\n<li>Dimensions du banc (LxlxH), mm : 1550x570x1100<\/li>\n<li>Dimensions du rack (LxlxH), mm : 1150x240x560<\/li>\n<li>Poids total : 221 kg.<\/li>\n<li>Poids de la structure : 80 kg.<\/li>\n<li>Poids du banc : 45 kg<\/li>\n<li>Poids du rack \u00e0 halt\u00e8res : 17,5 kg.<\/li>\n<\/ul>\n<p><strong>Cadre<\/strong>Acier, primaire de zinc avec rev\u00eatement en poudre plus une finition de rev\u00eatement transparent suppl\u00e9mentaire<\/p>\n<p><strong>Petites pi\u00e8ces<\/strong>Acier inoxydable<\/p>\n<p><strong>Cha\u00eenes \/ C\u00e2bles<\/strong>Acier inoxydable<\/p>","protected":false},"featured_media":2492,"template":"","meta":{"site-sidebar-layout":"default","site-content-layout":"","ast-site-content-layout":"default","site-content-style":"default","site-sidebar-style":"default","ast-global-header-display":"","ast-banner-title-visibility":"","ast-main-header-display":"","ast-hfb-above-header-display":"","ast-hfb-below-header-display":"","ast-hfb-mobile-header-display":"","site-post-title":"","ast-breadcrumbs-content":"","ast-featured-img":"","footer-sml-layout":"","ast-disable-related-posts":"","theme-transparent-header-meta":"default","adv-header-id-meta":"","stick-header-meta":"","header-above-stick-meta":"","header-main-stick-meta":"","header-below-stick-meta":"","astra-migrate-meta-layouts":"set","ast-page-background-enabled":"default","ast-page-background-meta":{"desktop":{"background-color":"var(--ast-global-color-5)","background-image":"","background-repeat":"repeat","background-position":"center center","background-size":"auto","background-attachment":"scroll","background-type":"","background-media":"","overlay-type":"","overlay-color":"","overlay-opacity":"","overlay-gradient":""},"tablet":{"background-color":"","background-image":"","background-repeat":"repeat","background-position":"center center","background-size":"auto","background-attachment":"scroll","background-type":"","background-media":"","overlay-type":"","overlay-color":"","overlay-opacity":"","overlay-gradient":""},"mobile":{"background-color":"","background-image":"","background-repeat":"repeat","background-position":"center center","background-size":"auto","background-attachment":"scroll","background-type":"","background-media":"","overlay-type":"","overlay-color":"","overlay-opacity":"","overlay-gradient":""}},"ast-content-background-meta":{"desktop":{"background-color":"var(--ast-global-color-4)","background-image":"","background-repeat":"repeat","background-position":"center center","background-size":"auto","background-attachment":"scroll","background-type":"","background-media":"","overlay-type":"","overlay-color":"","overlay-opacity":"","overlay-gradient":""},"tablet":{"background-color":"var(--ast-global-color-4)","background-image":"","background-repeat":"repeat","background-position":"center center","background-size":"auto","background-attachment":"scroll","background-type":"","background-media":"","overlay-type":"","overlay-color":"","overlay-opacity":"","overlay-gradient":""},"mobile":{"background-color":"var(--ast-global-color-4)","background-image":"","background-repeat":"repeat","background-position":"center center","background-size":"auto","background-attachment":"scroll","background-type":"","background-media":"","overlay-type":"","overlay-color":"","overlay-opacity":"","overlay-gradient":""}}},"product_brand":[],"product_cat":[26],"product_tag":[],"class_list":{"0":"post-2654","1":"product","2":"type-product","3":"status-publish","4":"has-post-thumbnail","6":"product_cat-sb-standard-line","7":"desktop-align-left","8":"tablet-align-left","9":"mobile-align-left","11":"first","12":"instock","13":"shipping-taxable","14":"purchasable","15":"product-type-simple"},"yoast_head":"<!-- This site is optimized with the Yoast SEO plugin v27.4 - https:\/\/yoast.com\/product\/yoast-seo-wordpress\/ -->\n<title>MB 7.34 Dumbbell Set (Heavy) - Street Barbell<\/title>\n<meta name=\"robots\" content=\"index, follow, max-snippet:-1, max-image-preview:large, max-video-preview:-1\" \/>\n<link rel=\"canonical\" href=\"https:\/\/streetbarbell.nl\/fr\/produit\/mb-7-34-dumbbell-set-heavy\/\" \/>\n<meta property=\"og:locale\" content=\"fr_FR\" \/>\n<meta property=\"og:type\" content=\"article\" \/>\n<meta property=\"og:title\" content=\"MB 7.34 Dumbbell Set (Heavy) - Street Barbell\" \/>\n<meta property=\"og:description\" content=\"Standard Line Dumbbell Set with preacher curl and flat bench.  Specifications   Dumbbells: 2 x 21 kg \/ 2 x 26 kg \/ 2 x 31 kg  Platform dimensions (LxWxH), mm: 1290x2200x1100  Bench dimensions (LxWxH), mm: 1550x570x1100  Rack dimensions (LxWxH), mm: 1150x240x560  Total weight: 221 kg.  Structure weight: 80 kg.  Bench weight: 45 kg  Dumbbell rack weight: 17.5 kg.  Frame: Steel, zink primer with powder coating plus extra clear coating finish  Small Parts: Stainless Steel  Chains \/ Cables: Stainless Steel\" \/>\n<meta property=\"og:url\" content=\"https:\/\/streetbarbell.nl\/fr\/produit\/mb-7-34-dumbbell-set-heavy\/\" \/>\n<meta property=\"og:site_name\" content=\"Street Barbell\" \/>\n<meta property=\"article:publisher\" content=\"https:\/\/www.facebook.com\/people\/HCC-Benelux\/100054443501362\/?mibextid=wwXIfr&amp;rdid=byd8XPaFfNG5h7DC&amp;share_url=httpswww.facebook.comshare1EbKGMiBBmmibextidwwXIfr\" \/>\n<meta property=\"og:image\" content=\"https:\/\/streetbarbell.nl\/wp-content\/uploads\/2025\/07\/1-5.png\" \/>\n\t<meta property=\"og:image:width\" content=\"1000\" \/>\n\t<meta property=\"og:image:height\" content=\"1000\" \/>\n\t<meta property=\"og:image:type\" content=\"image\/png\" \/>\n<script type=\"application\/ld+json\" class=\"yoast-schema-graph\">{\"@context\":\"https:\\\/\\\/schema.org\",\"@graph\":[{\"@type\":\"WebPage\",\"@id\":\"https:\\\/\\\/streetbarbell.nl\\\/product\\\/mb-7-34-dumbbell-set-heavy\\\/\",\"url\":\"https:\\\/\\\/streetbarbell.nl\\\/product\\\/mb-7-34-dumbbell-set-heavy\\\/\",\"name\":\"MB 7.34 Dumbbell Set (Heavy) - Street Barbell\",\"isPartOf\":{\"@id\":\"https:\\\/\\\/streetbarbell.nl\\\/#website\"},\"primaryImageOfPage\":{\"@id\":\"https:\\\/\\\/streetbarbell.nl\\\/product\\\/mb-7-34-dumbbell-set-heavy\\\/#primaryimage\"},\"image\":{\"@id\":\"https:\\\/\\\/streetbarbell.nl\\\/product\\\/mb-7-34-dumbbell-set-heavy\\\/#primaryimage\"},\"thumbnailUrl\":\"https:\\\/\\\/streetbarbell.nl\\\/wp-content\\\/uploads\\\/2025\\\/07\\\/1-5.png\",\"datePublished\":\"2025-07-04T06:03:48+00:00\",\"breadcrumb\":{\"@id\":\"https:\\\/\\\/streetbarbell.nl\\\/product\\\/mb-7-34-dumbbell-set-heavy\\\/#breadcrumb\"},\"inLanguage\":\"fr-FR\",\"potentialAction\":[{\"@type\":\"ReadAction\",\"target\":[\"https:\\\/\\\/streetbarbell.nl\\\/product\\\/mb-7-34-dumbbell-set-heavy\\\/\"]}]},{\"@type\":\"ImageObject\",\"inLanguage\":\"fr-FR\",\"@id\":\"https:\\\/\\\/streetbarbell.nl\\\/product\\\/mb-7-34-dumbbell-set-heavy\\\/#primaryimage\",\"url\":\"https:\\\/\\\/streetbarbell.nl\\\/wp-content\\\/uploads\\\/2025\\\/07\\\/1-5.png\",\"contentUrl\":\"https:\\\/\\\/streetbarbell.nl\\\/wp-content\\\/uploads\\\/2025\\\/07\\\/1-5.png\",\"width\":1000,\"height\":1000},{\"@type\":\"BreadcrumbList\",\"@id\":\"https:\\\/\\\/streetbarbell.nl\\\/product\\\/mb-7-34-dumbbell-set-heavy\\\/#breadcrumb\",\"itemListElement\":[{\"@type\":\"ListItem\",\"position\":1,\"name\":\"Home\",\"item\":\"https:\\\/\\\/streetbarbell.nl\\\/\"},{\"@type\":\"ListItem\",\"position\":2,\"name\":\"Products\",\"item\":\"https:\\\/\\\/streetbarbell.nl\\\/en\\\/shop\\\/\"},{\"@type\":\"ListItem\",\"position\":3,\"name\":\"SB Standard Line\",\"item\":\"https:\\\/\\\/streetbarbell.nl\\\/product-category\\\/sb-standard-line\\\/\"},{\"@type\":\"ListItem\",\"position\":4,\"name\":\"MB 7.34 Dumbbell Set (Heavy)\"}]},{\"@type\":\"WebSite\",\"@id\":\"https:\\\/\\\/streetbarbell.nl\\\/#website\",\"url\":\"https:\\\/\\\/streetbarbell.nl\\\/\",\"name\":\"Street Barbell\",\"description\":\"\",\"publisher\":{\"@id\":\"https:\\\/\\\/streetbarbell.nl\\\/#organization\"},\"potentialAction\":[{\"@type\":\"SearchAction\",\"target\":{\"@type\":\"EntryPoint\",\"urlTemplate\":\"https:\\\/\\\/streetbarbell.nl\\\/?s={search_term_string}\"},\"query-input\":{\"@type\":\"PropertyValueSpecification\",\"valueRequired\":true,\"valueName\":\"search_term_string\"}}],\"inLanguage\":\"fr-FR\"},{\"@type\":\"Organization\",\"@id\":\"https:\\\/\\\/streetbarbell.nl\\\/#organization\",\"name\":\"Street Barbell\",\"url\":\"https:\\\/\\\/streetbarbell.nl\\\/\",\"logo\":{\"@type\":\"ImageObject\",\"inLanguage\":\"fr-FR\",\"@id\":\"https:\\\/\\\/streetbarbell.nl\\\/#\\\/schema\\\/logo\\\/image\\\/\",\"url\":\"https:\\\/\\\/streetbarbell.nl\\\/wp-content\\\/uploads\\\/2025\\\/04\\\/STBarbell_logo_BlackBG-scaled.jpg\",\"contentUrl\":\"https:\\\/\\\/streetbarbell.nl\\\/wp-content\\\/uploads\\\/2025\\\/04\\\/STBarbell_logo_BlackBG-scaled.jpg\",\"width\":2560,\"height\":373,\"caption\":\"Street Barbell\"},\"image\":{\"@id\":\"https:\\\/\\\/streetbarbell.nl\\\/#\\\/schema\\\/logo\\\/image\\\/\"},\"sameAs\":[\"https:\\\/\\\/www.facebook.com\\\/people\\\/HCC-Benelux\\\/100054443501362\\\/?mibextid=wwXIfr&rdid=byd8XPaFfNG5h7DC&share_url=httpswww.facebook.comshare1EbKGMiBBmmibextidwwXIfr\",\"https:\\\/\\\/www.instagram.com\\\/hcc_benelux?igsh=MTZyeDMyZWJ0Z2R3Zw==\",\"https:\\\/\\\/youtube.com\\\/@streetbarbellbenelux?si=6DbnNpX5dgdHsu9h\"]}]}<\/script>\n<!-- \/ Yoast SEO plugin. -->","yoast_head_json":{"title":"Ensemble d'halt\u00e8res MB 7.34 (lourd) - Barre de musculation de rue","robots":{"index":"index","follow":"follow","max-snippet":"max-snippet:-1","max-image-preview":"max-image-preview:large","max-video-preview":"max-video-preview:-1"},"canonical":"https:\/\/streetbarbell.nl\/fr\/produit\/mb-7-34-dumbbell-set-heavy\/","og_locale":"fr_FR","og_type":"article","og_title":"MB 7.34 Dumbbell Set (Heavy) - Street Barbell","og_description":"Standard Line Dumbbell Set with preacher curl and flat bench.  Specifications   Dumbbells: 2 x 21 kg \/ 2 x 26 kg \/ 2 x 31 kg  Platform dimensions (LxWxH), mm: 1290x2200x1100  Bench dimensions (LxWxH), mm: 1550x570x1100  Rack dimensions (LxWxH), mm: 1150x240x560  Total weight: 221 kg.  Structure weight: 80 kg.  Bench weight: 45 kg  Dumbbell rack weight: 17.5 kg.  Frame: Steel, zink primer with powder coating plus extra clear coating finish  Small Parts: Stainless Steel  Chains \/ Cables: Stainless Steel","og_url":"https:\/\/streetbarbell.nl\/fr\/produit\/mb-7-34-dumbbell-set-heavy\/","og_site_name":"Street Barbell","article_publisher":"https:\/\/www.facebook.com\/people\/HCC-Benelux\/100054443501362\/?mibextid=wwXIfr&rdid=byd8XPaFfNG5h7DC&share_url=httpswww.facebook.comshare1EbKGMiBBmmibextidwwXIfr","og_image":[{"width":1000,"height":1000,"url":"https:\/\/streetbarbell.nl\/wp-content\/uploads\/2025\/07\/1-5.png","type":"image\/png"}],"schema":{"@context":"https:\/\/schema.org","@graph":[{"@type":"WebPage","@id":"https:\/\/streetbarbell.nl\/product\/mb-7-34-dumbbell-set-heavy\/","url":"https:\/\/streetbarbell.nl\/product\/mb-7-34-dumbbell-set-heavy\/","name":"Ensemble d'halt\u00e8res MB 7.34 (lourd) - Barre de musculation de rue","isPartOf":{"@id":"https:\/\/streetbarbell.nl\/#website"},"primaryImageOfPage":{"@id":"https:\/\/streetbarbell.nl\/product\/mb-7-34-dumbbell-set-heavy\/#primaryimage"},"image":{"@id":"https:\/\/streetbarbell.nl\/product\/mb-7-34-dumbbell-set-heavy\/#primaryimage"},"thumbnailUrl":"https:\/\/streetbarbell.nl\/wp-content\/uploads\/2025\/07\/1-5.png","datePublished":"2025-07-04T06:03:48+00:00","breadcrumb":{"@id":"https:\/\/streetbarbell.nl\/product\/mb-7-34-dumbbell-set-heavy\/#breadcrumb"},"inLanguage":"fr-FR","potentialAction":[{"@type":"ReadAction","target":["https:\/\/streetbarbell.nl\/product\/mb-7-34-dumbbell-set-heavy\/"]}]},{"@type":"ImageObject","inLanguage":"fr-FR","@id":"https:\/\/streetbarbell.nl\/product\/mb-7-34-dumbbell-set-heavy\/#primaryimage","url":"https:\/\/streetbarbell.nl\/wp-content\/uploads\/2025\/07\/1-5.png","contentUrl":"https:\/\/streetbarbell.nl\/wp-content\/uploads\/2025\/07\/1-5.png","width":1000,"height":1000},{"@type":"BreadcrumbList","@id":"https:\/\/streetbarbell.nl\/product\/mb-7-34-dumbbell-set-heavy\/#breadcrumb","itemListElement":[{"@type":"ListItem","position":1,"name":"Home","item":"https:\/\/streetbarbell.nl\/"},{"@type":"ListItem","position":2,"name":"Products","item":"https:\/\/streetbarbell.nl\/en\/shop\/"},{"@type":"ListItem","position":3,"name":"SB Standard Line","item":"https:\/\/streetbarbell.nl\/product-category\/sb-standard-line\/"},{"@type":"ListItem","position":4,"name":"MB 7.34 Dumbbell Set (Heavy)"}]},{"@type":"WebSite","@id":"https:\/\/streetbarbell.nl\/#website","url":"https:\/\/streetbarbell.nl\/","name":"Halt\u00e8re de rue","description":"","publisher":{"@id":"https:\/\/streetbarbell.nl\/#organization"},"potentialAction":[{"@type":"SearchAction","target":{"@type":"EntryPoint","urlTemplate":"https:\/\/streetbarbell.nl\/?s={search_term_string}"},"query-input":{"@type":"PropertyValueSpecification","valueRequired":true,"valueName":"search_term_string"}}],"inLanguage":"fr-FR"},{"@type":"Organization","@id":"https:\/\/streetbarbell.nl\/#organization","name":"Halt\u00e8re de rue","url":"https:\/\/streetbarbell.nl\/","logo":{"@type":"ImageObject","inLanguage":"fr-FR","@id":"https:\/\/streetbarbell.nl\/#\/schema\/logo\/image\/","url":"https:\/\/streetbarbell.nl\/wp-content\/uploads\/2025\/04\/STBarbell_logo_BlackBG-scaled.jpg","contentUrl":"https:\/\/streetbarbell.nl\/wp-content\/uploads\/2025\/04\/STBarbell_logo_BlackBG-scaled.jpg","width":2560,"height":373,"caption":"Street Barbell"},"image":{"@id":"https:\/\/streetbarbell.nl\/#\/schema\/logo\/image\/"},"sameAs":["https:\/\/www.facebook.com\/people\/HCC-Benelux\/100054443501362\/?mibextid=wwXIfr&rdid=byd8XPaFfNG5h7DC&share_url=httpswww.facebook.comshare1EbKGMiBBmmibextidwwXIfr","https:\/\/www.instagram.com\/hcc_benelux?igsh=MTZyeDMyZWJ0Z2R3Zw==","https:\/\/youtube.com\/@streetbarbellbenelux?si=6DbnNpX5dgdHsu9h"]}]}},"_links":{"self":[{"href":"https:\/\/streetbarbell.nl\/fr\/wp-json\/wp\/v2\/product\/2654","targetHints":{"allow":["GET"]}}],"collection":[{"href":"https:\/\/streetbarbell.nl\/fr\/wp-json\/wp\/v2\/product"}],"about":[{"href":"https:\/\/streetbarbell.nl\/fr\/wp-json\/wp\/v2\/types\/product"}],"wp:featuredmedia":[{"embeddable":true,"href":"https:\/\/streetbarbell.nl\/fr\/wp-json\/wp\/v2\/media\/2492"}],"wp:attachment":[{"href":"https:\/\/streetbarbell.nl\/fr\/wp-json\/wp\/v2\/media?parent=2654"}],"wp:term":[{"taxonomy":"product_brand","embeddable":true,"href":"https:\/\/streetbarbell.nl\/fr\/wp-json\/wp\/v2\/product_brand?post=2654"},{"taxonomy":"product_cat","embeddable":true,"href":"https:\/\/streetbarbell.nl\/fr\/wp-json\/wp\/v2\/product_cat?post=2654"},{"taxonomy":"product_tag","embeddable":true,"href":"https:\/\/streetbarbell.nl\/fr\/wp-json\/wp\/v2\/product_tag?post=2654"}],"curies":[{"name":"wp","href":"https:\/\/api.w.org\/{rel}","templated":true}]}}