{"id":2679,"date":"2025-07-04T08:12:56","date_gmt":"2025-07-04T08:12:56","guid":{"rendered":"https:\/\/streetbarbell.nl\/?post_type=product&#038;p=2679"},"modified":"2025-07-04T08:12:56","modified_gmt":"2025-07-04T08:12:56","slug":"mb-7-93-multi-station-punching-bag-stand","status":"publish","type":"product","link":"https:\/\/streetbarbell.nl\/fr\/produit\/mb-7-93-multi-station-punching-bag-stand\/","title":{"rendered":"MB 7.93 Support de sac de frappe \u00e0 stations multiples"},"content":{"rendered":"","protected":false},"excerpt":{"rendered":"<p>Le complexe de boxe ext\u00e9rieur MB 7.93 est con\u00e7u pour la pratique des techniques de frappe, l'entra\u00eenement des muscles des bras, de la poitrine et de la partie sup\u00e9rieure de l'abdomen. Il se compose d'une vari\u00e9t\u00e9 d'\u00e9quipements de boxe populaires attach\u00e9s \u00e0 un seul cadre stationnaire robuste. Le cadre est con\u00e7u pour permettre aux athl\u00e8tes de s'approcher en toute s\u00e9curit\u00e9 de l'\u00e9quipement tout en se d\u00e9pla\u00e7ant par rapport \u00e0 lui. La zone de s\u00e9curit\u00e9 de chaque \u00e9quipement du complexe garantit un entra\u00eenement confortable sans g\u00eaner les athl\u00e8tes voisins.<\/p>\n<p>Dimensions (LxLxH) :<\/p>\n<p>Poids : au moins 616 kg<\/p>\n<p>4230x3940x2760 mm<\/p>\n<p>Comprend :<\/p>\n<p>- sac de boxe,<\/p>\n<p>- punching ball \"Big barrel\",<\/p>\n<p>- oreiller de boxe<\/p>","protected":false},"featured_media":2675,"template":"","meta":{"site-sidebar-layout":"default","site-content-layout":"","ast-site-content-layout":"default","site-content-style":"default","site-sidebar-style":"default","ast-global-header-display":"","ast-banner-title-visibility":"","ast-main-header-display":"","ast-hfb-above-header-display":"","ast-hfb-below-header-display":"","ast-hfb-mobile-header-display":"","site-post-title":"","ast-breadcrumbs-content":"","ast-featured-img":"","footer-sml-layout":"","ast-disable-related-posts":"","theme-transparent-header-meta":"default","adv-header-id-meta":"","stick-header-meta":"","header-above-stick-meta":"","header-main-stick-meta":"","header-below-stick-meta":"","astra-migrate-meta-layouts":"set","ast-page-background-enabled":"default","ast-page-background-meta":{"desktop":{"background-color":"var(--ast-global-color-5)","background-image":"","background-repeat":"repeat","background-position":"center center","background-size":"auto","background-attachment":"scroll","background-type":"","background-media":"","overlay-type":"","overlay-color":"","overlay-opacity":"","overlay-gradient":""},"tablet":{"background-color":"","background-image":"","background-repeat":"repeat","background-position":"center center","background-size":"auto","background-attachment":"scroll","background-type":"","background-media":"","overlay-type":"","overlay-color":"","overlay-opacity":"","overlay-gradient":""},"mobile":{"background-color":"","background-image":"","background-repeat":"repeat","background-position":"center center","background-size":"auto","background-attachment":"scroll","background-type":"","background-media":"","overlay-type":"","overlay-color":"","overlay-opacity":"","overlay-gradient":""}},"ast-content-background-meta":{"desktop":{"background-color":"var(--ast-global-color-4)","background-image":"","background-repeat":"repeat","background-position":"center center","background-size":"auto","background-attachment":"scroll","background-type":"","background-media":"","overlay-type":"","overlay-color":"","overlay-opacity":"","overlay-gradient":""},"tablet":{"background-color":"var(--ast-global-color-4)","background-image":"","background-repeat":"repeat","background-position":"center center","background-size":"auto","background-attachment":"scroll","background-type":"","background-media":"","overlay-type":"","overlay-color":"","overlay-opacity":"","overlay-gradient":""},"mobile":{"background-color":"var(--ast-global-color-4)","background-image":"","background-repeat":"repeat","background-position":"center center","background-size":"auto","background-attachment":"scroll","background-type":"","background-media":"","overlay-type":"","overlay-color":"","overlay-opacity":"","overlay-gradient":""}}},"product_brand":[],"product_cat":[33],"product_tag":[],"class_list":{"0":"post-2679","1":"product","2":"type-product","3":"status-publish","4":"has-post-thumbnail","6":"product_cat-sb-boxing-line","7":"desktop-align-left","8":"tablet-align-left","9":"mobile-align-left","11":"first","12":"instock","13":"shipping-taxable","14":"purchasable","15":"product-type-simple"},"yoast_head":"<!-- This site is optimized with the Yoast SEO plugin v27.4 - https:\/\/yoast.com\/product\/yoast-seo-wordpress\/ -->\n<title>MB 7.93 Multi Station Punching Bag Stand - Street Barbell<\/title>\n<meta name=\"robots\" content=\"index, follow, max-snippet:-1, max-image-preview:large, max-video-preview:-1\" \/>\n<link rel=\"canonical\" href=\"https:\/\/streetbarbell.nl\/fr\/produit\/mb-7-93-multi-station-punching-bag-stand\/\" \/>\n<meta property=\"og:locale\" content=\"fr_FR\" \/>\n<meta property=\"og:type\" content=\"article\" \/>\n<meta property=\"og:title\" content=\"MB 7.93 Multi Station Punching Bag Stand - Street Barbell\" \/>\n<meta property=\"og:description\" content=\"The MB 7.93 outdoor boxing complex is designed for practicing striking techniques, training arm, chest, and upper abdominal muscles. It consists of a variety of popular boxing equipment attached to a single sturdy stationary frame. The frame is designed to allow athletes to safely approach the equipment while moving relative to it. The safety zone for each equipment in the complex ensures comfortable training without interfering with neighboring athletes.  Dimensions (LxWxH):  Weight: at least 616 kg  4230x3940x2760 mm  Includes:  \u2022 boxing bag,  \u2022 punch ball \u201cBig barrel\u201d,  \u2022 boxing pillow\" \/>\n<meta property=\"og:url\" content=\"https:\/\/streetbarbell.nl\/fr\/produit\/mb-7-93-multi-station-punching-bag-stand\/\" \/>\n<meta property=\"og:site_name\" content=\"Street Barbell\" \/>\n<meta property=\"article:publisher\" content=\"https:\/\/www.facebook.com\/people\/HCC-Benelux\/100054443501362\/?mibextid=wwXIfr&amp;rdid=byd8XPaFfNG5h7DC&amp;share_url=httpswww.facebook.comshare1EbKGMiBBmmibextidwwXIfr\" \/>\n<meta property=\"og:image\" content=\"https:\/\/streetbarbell.nl\/wp-content\/uploads\/2025\/07\/1-26.png\" \/>\n\t<meta property=\"og:image:width\" content=\"1024\" \/>\n\t<meta property=\"og:image:height\" content=\"1024\" \/>\n\t<meta property=\"og:image:type\" content=\"image\/png\" \/>\n<script type=\"application\/ld+json\" class=\"yoast-schema-graph\">{\"@context\":\"https:\\\/\\\/schema.org\",\"@graph\":[{\"@type\":\"WebPage\",\"@id\":\"https:\\\/\\\/streetbarbell.nl\\\/en\\\/product\\\/mb-7-93-multi-station-punching-bag-stand\\\/\",\"url\":\"https:\\\/\\\/streetbarbell.nl\\\/en\\\/product\\\/mb-7-93-multi-station-punching-bag-stand\\\/\",\"name\":\"MB 7.93 Multi Station Punching Bag Stand - Street Barbell\",\"isPartOf\":{\"@id\":\"https:\\\/\\\/streetbarbell.nl\\\/#website\"},\"primaryImageOfPage\":{\"@id\":\"https:\\\/\\\/streetbarbell.nl\\\/en\\\/product\\\/mb-7-93-multi-station-punching-bag-stand\\\/#primaryimage\"},\"image\":{\"@id\":\"https:\\\/\\\/streetbarbell.nl\\\/en\\\/product\\\/mb-7-93-multi-station-punching-bag-stand\\\/#primaryimage\"},\"thumbnailUrl\":\"https:\\\/\\\/streetbarbell.nl\\\/wp-content\\\/uploads\\\/2025\\\/07\\\/1-26.png\",\"datePublished\":\"2025-07-04T08:12:56+00:00\",\"breadcrumb\":{\"@id\":\"https:\\\/\\\/streetbarbell.nl\\\/en\\\/product\\\/mb-7-93-multi-station-punching-bag-stand\\\/#breadcrumb\"},\"inLanguage\":\"fr-FR\",\"potentialAction\":[{\"@type\":\"ReadAction\",\"target\":[\"https:\\\/\\\/streetbarbell.nl\\\/en\\\/product\\\/mb-7-93-multi-station-punching-bag-stand\\\/\"]}]},{\"@type\":\"ImageObject\",\"inLanguage\":\"fr-FR\",\"@id\":\"https:\\\/\\\/streetbarbell.nl\\\/en\\\/product\\\/mb-7-93-multi-station-punching-bag-stand\\\/#primaryimage\",\"url\":\"https:\\\/\\\/streetbarbell.nl\\\/wp-content\\\/uploads\\\/2025\\\/07\\\/1-26.png\",\"contentUrl\":\"https:\\\/\\\/streetbarbell.nl\\\/wp-content\\\/uploads\\\/2025\\\/07\\\/1-26.png\",\"width\":3000,\"height\":3000},{\"@type\":\"BreadcrumbList\",\"@id\":\"https:\\\/\\\/streetbarbell.nl\\\/en\\\/product\\\/mb-7-93-multi-station-punching-bag-stand\\\/#breadcrumb\",\"itemListElement\":[{\"@type\":\"ListItem\",\"position\":1,\"name\":\"Home\",\"item\":\"https:\\\/\\\/streetbarbell.nl\\\/\"},{\"@type\":\"ListItem\",\"position\":2,\"name\":\"Products\",\"item\":\"https:\\\/\\\/streetbarbell.nl\\\/en\\\/shop\\\/\"},{\"@type\":\"ListItem\",\"position\":3,\"name\":\"SB Boxing Line\",\"item\":\"https:\\\/\\\/streetbarbell.nl\\\/en\\\/product-category\\\/sb-boxing-line\\\/\"},{\"@type\":\"ListItem\",\"position\":4,\"name\":\"MB 7.93 Multi Station Punching Bag Stand\"}]},{\"@type\":\"WebSite\",\"@id\":\"https:\\\/\\\/streetbarbell.nl\\\/#website\",\"url\":\"https:\\\/\\\/streetbarbell.nl\\\/\",\"name\":\"Street Barbell\",\"description\":\"\",\"publisher\":{\"@id\":\"https:\\\/\\\/streetbarbell.nl\\\/#organization\"},\"potentialAction\":[{\"@type\":\"SearchAction\",\"target\":{\"@type\":\"EntryPoint\",\"urlTemplate\":\"https:\\\/\\\/streetbarbell.nl\\\/?s={search_term_string}\"},\"query-input\":{\"@type\":\"PropertyValueSpecification\",\"valueRequired\":true,\"valueName\":\"search_term_string\"}}],\"inLanguage\":\"fr-FR\"},{\"@type\":\"Organization\",\"@id\":\"https:\\\/\\\/streetbarbell.nl\\\/#organization\",\"name\":\"Street Barbell\",\"url\":\"https:\\\/\\\/streetbarbell.nl\\\/\",\"logo\":{\"@type\":\"ImageObject\",\"inLanguage\":\"fr-FR\",\"@id\":\"https:\\\/\\\/streetbarbell.nl\\\/#\\\/schema\\\/logo\\\/image\\\/\",\"url\":\"https:\\\/\\\/streetbarbell.nl\\\/wp-content\\\/uploads\\\/2025\\\/04\\\/STBarbell_logo_BlackBG-scaled.jpg\",\"contentUrl\":\"https:\\\/\\\/streetbarbell.nl\\\/wp-content\\\/uploads\\\/2025\\\/04\\\/STBarbell_logo_BlackBG-scaled.jpg\",\"width\":2560,\"height\":373,\"caption\":\"Street Barbell\"},\"image\":{\"@id\":\"https:\\\/\\\/streetbarbell.nl\\\/#\\\/schema\\\/logo\\\/image\\\/\"},\"sameAs\":[\"https:\\\/\\\/www.facebook.com\\\/people\\\/HCC-Benelux\\\/100054443501362\\\/?mibextid=wwXIfr&rdid=byd8XPaFfNG5h7DC&share_url=httpswww.facebook.comshare1EbKGMiBBmmibextidwwXIfr\",\"https:\\\/\\\/www.instagram.com\\\/hcc_benelux?igsh=MTZyeDMyZWJ0Z2R3Zw==\",\"https:\\\/\\\/youtube.com\\\/@streetbarbellbenelux?si=6DbnNpX5dgdHsu9h\"]}]}<\/script>\n<!-- \/ Yoast SEO plugin. -->","yoast_head_json":{"title":"Support de sac de frappe multi-stations MB 7.93 - Street Barbell","robots":{"index":"index","follow":"follow","max-snippet":"max-snippet:-1","max-image-preview":"max-image-preview:large","max-video-preview":"max-video-preview:-1"},"canonical":"https:\/\/streetbarbell.nl\/fr\/produit\/mb-7-93-multi-station-punching-bag-stand\/","og_locale":"fr_FR","og_type":"article","og_title":"MB 7.93 Multi Station Punching Bag Stand - Street Barbell","og_description":"The MB 7.93 outdoor boxing complex is designed for practicing striking techniques, training arm, chest, and upper abdominal muscles. It consists of a variety of popular boxing equipment attached to a single sturdy stationary frame. The frame is designed to allow athletes to safely approach the equipment while moving relative to it. The safety zone for each equipment in the complex ensures comfortable training without interfering with neighboring athletes.  Dimensions (LxWxH):  Weight: at least 616 kg  4230x3940x2760 mm  Includes:  \u2022 boxing bag,  \u2022 punch ball \u201cBig barrel\u201d,  \u2022 boxing pillow","og_url":"https:\/\/streetbarbell.nl\/fr\/produit\/mb-7-93-multi-station-punching-bag-stand\/","og_site_name":"Street Barbell","article_publisher":"https:\/\/www.facebook.com\/people\/HCC-Benelux\/100054443501362\/?mibextid=wwXIfr&rdid=byd8XPaFfNG5h7DC&share_url=httpswww.facebook.comshare1EbKGMiBBmmibextidwwXIfr","og_image":[{"url":"https:\/\/streetbarbell.nl\/wp-content\/uploads\/2025\/07\/1-26.png","width":1024,"height":1024,"type":"image\/png"}],"schema":{"@context":"https:\/\/schema.org","@graph":[{"@type":"WebPage","@id":"https:\/\/streetbarbell.nl\/en\/product\/mb-7-93-multi-station-punching-bag-stand\/","url":"https:\/\/streetbarbell.nl\/en\/product\/mb-7-93-multi-station-punching-bag-stand\/","name":"Support de sac de frappe multi-stations MB 7.93 - Street Barbell","isPartOf":{"@id":"https:\/\/streetbarbell.nl\/#website"},"primaryImageOfPage":{"@id":"https:\/\/streetbarbell.nl\/en\/product\/mb-7-93-multi-station-punching-bag-stand\/#primaryimage"},"image":{"@id":"https:\/\/streetbarbell.nl\/en\/product\/mb-7-93-multi-station-punching-bag-stand\/#primaryimage"},"thumbnailUrl":"https:\/\/streetbarbell.nl\/wp-content\/uploads\/2025\/07\/1-26.png","datePublished":"2025-07-04T08:12:56+00:00","breadcrumb":{"@id":"https:\/\/streetbarbell.nl\/en\/product\/mb-7-93-multi-station-punching-bag-stand\/#breadcrumb"},"inLanguage":"fr-FR","potentialAction":[{"@type":"ReadAction","target":["https:\/\/streetbarbell.nl\/en\/product\/mb-7-93-multi-station-punching-bag-stand\/"]}]},{"@type":"ImageObject","inLanguage":"fr-FR","@id":"https:\/\/streetbarbell.nl\/en\/product\/mb-7-93-multi-station-punching-bag-stand\/#primaryimage","url":"https:\/\/streetbarbell.nl\/wp-content\/uploads\/2025\/07\/1-26.png","contentUrl":"https:\/\/streetbarbell.nl\/wp-content\/uploads\/2025\/07\/1-26.png","width":3000,"height":3000},{"@type":"BreadcrumbList","@id":"https:\/\/streetbarbell.nl\/en\/product\/mb-7-93-multi-station-punching-bag-stand\/#breadcrumb","itemListElement":[{"@type":"ListItem","position":1,"name":"Home","item":"https:\/\/streetbarbell.nl\/"},{"@type":"ListItem","position":2,"name":"Products","item":"https:\/\/streetbarbell.nl\/en\/shop\/"},{"@type":"ListItem","position":3,"name":"SB Boxing Line","item":"https:\/\/streetbarbell.nl\/en\/product-category\/sb-boxing-line\/"},{"@type":"ListItem","position":4,"name":"MB 7.93 Multi Station Punching Bag Stand"}]},{"@type":"WebSite","@id":"https:\/\/streetbarbell.nl\/#website","url":"https:\/\/streetbarbell.nl\/","name":"Halt\u00e8re de rue","description":"","publisher":{"@id":"https:\/\/streetbarbell.nl\/#organization"},"potentialAction":[{"@type":"SearchAction","target":{"@type":"EntryPoint","urlTemplate":"https:\/\/streetbarbell.nl\/?s={search_term_string}"},"query-input":{"@type":"PropertyValueSpecification","valueRequired":true,"valueName":"search_term_string"}}],"inLanguage":"fr-FR"},{"@type":"Organization","@id":"https:\/\/streetbarbell.nl\/#organization","name":"Halt\u00e8re de rue","url":"https:\/\/streetbarbell.nl\/","logo":{"@type":"ImageObject","inLanguage":"fr-FR","@id":"https:\/\/streetbarbell.nl\/#\/schema\/logo\/image\/","url":"https:\/\/streetbarbell.nl\/wp-content\/uploads\/2025\/04\/STBarbell_logo_BlackBG-scaled.jpg","contentUrl":"https:\/\/streetbarbell.nl\/wp-content\/uploads\/2025\/04\/STBarbell_logo_BlackBG-scaled.jpg","width":2560,"height":373,"caption":"Street Barbell"},"image":{"@id":"https:\/\/streetbarbell.nl\/#\/schema\/logo\/image\/"},"sameAs":["https:\/\/www.facebook.com\/people\/HCC-Benelux\/100054443501362\/?mibextid=wwXIfr&rdid=byd8XPaFfNG5h7DC&share_url=httpswww.facebook.comshare1EbKGMiBBmmibextidwwXIfr","https:\/\/www.instagram.com\/hcc_benelux?igsh=MTZyeDMyZWJ0Z2R3Zw==","https:\/\/youtube.com\/@streetbarbellbenelux?si=6DbnNpX5dgdHsu9h"]}]}},"_links":{"self":[{"href":"https:\/\/streetbarbell.nl\/fr\/wp-json\/wp\/v2\/product\/2679","targetHints":{"allow":["GET"]}}],"collection":[{"href":"https:\/\/streetbarbell.nl\/fr\/wp-json\/wp\/v2\/product"}],"about":[{"href":"https:\/\/streetbarbell.nl\/fr\/wp-json\/wp\/v2\/types\/product"}],"wp:featuredmedia":[{"embeddable":true,"href":"https:\/\/streetbarbell.nl\/fr\/wp-json\/wp\/v2\/media\/2675"}],"wp:attachment":[{"href":"https:\/\/streetbarbell.nl\/fr\/wp-json\/wp\/v2\/media?parent=2679"}],"wp:term":[{"taxonomy":"product_brand","embeddable":true,"href":"https:\/\/streetbarbell.nl\/fr\/wp-json\/wp\/v2\/product_brand?post=2679"},{"taxonomy":"product_cat","embeddable":true,"href":"https:\/\/streetbarbell.nl\/fr\/wp-json\/wp\/v2\/product_cat?post=2679"},{"taxonomy":"product_tag","embeddable":true,"href":"https:\/\/streetbarbell.nl\/fr\/wp-json\/wp\/v2\/product_tag?post=2679"}],"curies":[{"name":"wp","href":"https:\/\/api.w.org\/{rel}","templated":true}]}}